{"id":19695,"date":"2023-03-24T12:19:09","date_gmt":"2023-03-24T12:19:09","guid":{"rendered":"https:\/\/powersolar.store\/datenschutzbestimmungen\/"},"modified":"2025-07-15T17:14:26","modified_gmt":"2025-07-15T17:14:26","slug":"datenschutzbestimmungen","status":"publish","type":"page","link":"https:\/\/powersolar.store\/de\/datenschutzbestimmungen\/","title":{"rendered":"Datenschutzbestimmungen"},"content":{"rendered":"\t\t<div data-elementor-type=\"wp-page\" data-elementor-id=\"19695\" class=\"elementor elementor-19695 elementor-19699\" data-elementor-post-type=\"page\">\n\t\t\t\t\t\t<section data-particle_enable=\"false\" data-particle-mobile-disabled=\"false\" class=\"elementor-section elementor-top-section elementor-element elementor-element-51bb3a5e elementor-section-boxed elementor-section-height-default elementor-section-height-default\" data-id=\"51bb3a5e\" data-element_type=\"section\">\n\t\t\t\t\t\t<div class=\"elementor-container elementor-column-gap-default\">\n\t\t\t\t\t<div class=\"elementor-column elementor-col-100 elementor-top-column elementor-element elementor-element-9af8f69\" data-id=\"9af8f69\" data-element_type=\"column\">\n\t\t\t<div class=\"elementor-widget-wrap elementor-element-populated\">\n\t\t\t\t\t\t<div class=\"elementor-element elementor-element-6bf44c82 elementor-widget elementor-widget-text-editor\" data-id=\"6bf44c82\" data-element_type=\"widget\" data-widget_type=\"text-editor.default\">\n\t\t\t\t\t\t\t\t\t<p>Dutch Mobile Parts B.V., mit Sitz in Innsbruckweg 64, 3047 AH, Rotterdam, ist verantwortlich f\u00fcr die Verarbeitung personenbezogener Daten, wie sie in dieser Datenschutzerkl\u00e4rung<br>wiedergegeben ist.<\/p>\n<p><br>Kontaktinformationen:<br>https:\/\/www.dutchmobileparts.nl<br>Innsbruckweg 64, 3047 AH, Rotterdam<br>+31611450877<\/p>\n<p><br>A. Ali ist der Datenschutzbeauftragte von Dutch Mobile Parts B.V. Sie k\u00f6nnen ihn unter ahmed@tecmix.nl erreichen.<\/p>\n<p><br>Personenbezogene Daten, die wir verarbeiten<br>Dutch Mobile Parts B.V. verarbeitet Ihre personenbezogenen Daten, weil Sie unsere Dienste nutzen und\/oder weil Sie uns diese selbst zur Verf\u00fcgung stellen.<\/p>\n<p>Nachfolgend finden Sie<br>einen \u00dcberblick \u00fcber die personenbezogenen Daten, die wir verarbeiten:<br>&#8211; Vor- und Nachname<br>&#8211; Adressdaten Ihres Unternehmens<br>&#8211; Telefonnummer Ihres Unternehmens<br>&#8211; Telefonnummer Ihres Unternehmens<br>&#8211; E-Mail-Adresse (gesch\u00e4ftlich als Rechnungs-E-Mail)<br>&#8211; Zahlungsdaten Ihres Unternehmens<\/p>\n<p>die Sie uns aktiv zur Verf\u00fcgung stellen, z.B. durch die Erstellung eines Profils auf dieser Website, in der Korrespondenz und per Telefon:<br>&#8211; Daten \u00fcber Ihre Aktivit\u00e4ten auf unserer Website<br>&#8211; Daten \u00fcber Ihr Surfverhalten auf verschiedenen Websites (z.B. weil dieses Unternehmen Teil eines Werbenetzwerks ist)<br>&#8211; Liste der Kundenkontaktdaten \u00fcber eine App<br>&#8211; Internetbrowser und Ger\u00e4tetyp<br>&#8211; Bankkontonummer<\/p>\n<p><br>Besondere und\/oder sensible pers\u00f6nliche Daten, die wir verarbeiten: keine<\/p>\n<p><br>Unsere Website und\/oder unser Service beabsichtigt nicht, Daten von Website-Besuchern unter 16 Jahren zu sammeln. Es sei denn, sie haben die Erlaubnis der<br>Eltern oder des Vormunds. Wir k\u00f6nnen jedoch nicht \u00fcberpr\u00fcfen, ob ein Besucher \u00e4lter als 16 Jahre ist. Wir empfehlen daher, dass Eltern in die Online-Aktivit\u00e4ten ihrer Kinder<br>einbezogen werden, um zu vermeiden, dass Daten \u00fcber Kinder ohne elterliche Zustimmung gesammelt werden. Wenn Sie glauben, dass wir<br>personenbezogene Daten \u00fcber einen Minderj\u00e4hrigen ohne eine solche Zustimmung gesammelt haben, kontaktieren Sie uns bitte unter ahmed@tecmix.nl und wir werden<br>diese Informationen entfernen.      <\/p>\n<p><br>Zu welchem Zweck und auf welcher Grundlage wir personenbezogene Daten verarbeiten<\/p>\n<p><br>Dutch Mobile Parts B.V. verarbeitet Ihre personenbezogenen Daten f\u00fcr die folgenden Zwecke:<br>&#8211; Abwicklung Ihrer Zahlung<br>&#8211; Zusendung unseres Newsletters und\/oder Werbeflyers<br>&#8211; Sie anzurufen oder per E-Mail zu kontaktieren, falls dies zur Erbringung unserer Dienstleistungen erforderlich ist<br>&#8211; Um Sie \u00fcber \u00c4nderungen an unseren Dienstleistungen und Produkten zu informieren<br>&#8211; Um Ihnen die M\u00f6glichkeit zu bieten, ein Konto zu erstellen<br>&#8211; Um Ihnen Waren und Dienstleistungen zu liefern<br>&#8211; Dutch Mobile Parts B.V. analysiert Ihr Verhalten auf der Website, um die Website zu verbessern und das Angebot an Produkten und Dienstleistungen an Ihre Pr\u00e4ferenzen anzupassen<br>.<br>&#8211; Dutch Mobile Parts B.V. verarbeitet auch personenbezogene Daten, wenn wir gesetzlich dazu verpflichtet sind, wie z.B. die Daten, die wir f\u00fcr unsere Steuererkl\u00e4rung<br>ben\u00f6tigen.<\/p>\n<p><br>Automatisierte Entscheidungsfindung<\/p>\n<p><br>Dutch Mobile Parts B.V. \u00fcbernimmt keine Verantwortung f\u00fcr Entscheidungen, die auf einer automatisierten Verarbeitung beruhen und die (erhebliche) Folgen f\u00fcr Personen haben k\u00f6nnen<br>. Dabei handelt es sich um Entscheidungen, die von Computerprogrammen oder -systemen getroffen werden, ohne dass eine Person anwesend ist (zum Beispiel ein<br>Mitarbeiter von Dutch Mobile Parts B.V.). Dutch Mobile Parts B.V. verwendet die folgenden Computerprogramme oder -systeme:    <\/p>\n<p>WordPress<br>&#8211; WooCommerce<br>&#8211; Mollie<br>&#8211; Elementor<br>&#8211; Buchhaltungssoftware<br>&#8211; Interne Software<\/p>\n<p><br>Wie lange wir personenbezogene Daten aufbewahren<br>Dutch Mobile Parts B.V. bewahrt Ihre personenbezogenen Daten nicht l\u00e4nger auf, als es f\u00fcr die Erf\u00fcllung der Zwecke, f\u00fcr die Ihre Daten erhoben wurden, unbedingt erforderlich ist. Wir<br>verwenden die folgenden Aufbewahrungsfristen f\u00fcr die folgenden (Kategorien) von personenbezogenen Daten: 2 Jahre (24 Monate)   <\/p>\n<p><br>Weitergabe personenbezogener Daten an Dritte<br>Dutch Mobile Parts B.V. gibt Ihre personenbezogenen Daten an verschiedene Dritte weiter, soweit dies f\u00fcr die Ausf\u00fchrung des Vertrags und zur Erf\u00fcllung der gesetzlichen Verpflichtungen<br>erforderlich ist. Mit Unternehmen, die Ihre Daten in unserem Auftrag verarbeiten, schlie\u00dfen wir einen Verarbeitungsvertrag ab, um<br>das gleiche Ma\u00df an Sicherheit und Vertraulichkeit Ihrer Daten zu gew\u00e4hrleisten. Dutch Mobile Parts B.V. bleibt f\u00fcr diese Verarbeitung verantwortlich. Dar\u00fcber hinaus gibt<br>Dutch Mobile Parts B.V. Ihre pers\u00f6nlichen Daten an andere Dritte weiter. Wir tun dies nur mit Ihrer ausdr\u00fccklichen Zustimmung.      <\/p>\n<p><br>Cookies oder \u00e4hnliche Techniken, die wir verwenden<\/p>\n<p><br>Dutch Mobile Parts B.V. verwendet funktionale, analytische und Tracking-Cookies. Ein Cookie ist eine kleine Textdatei, die beim ersten Besuch dieser Website<br> im Browser Ihres Computers, Tablets oder Smartphones gespeichert wird. Dutch Mobile Parts B.V. verwendet Cookies mit einer rein technischen Funktion. Diese<br>sorgen daf\u00fcr, dass die Website ordnungsgem\u00e4\u00df funktioniert und dass z.B. Ihre Pr\u00e4ferenzen gespeichert werden. Diese Cookies werden auch verwendet, damit die Website<br>ordnungsgem\u00e4\u00df funktioniert und um sie zu optimieren. Dar\u00fcber hinaus platzieren wir Cookies, die Ihr Surfverhalten verfolgen, damit wir Ihnen ma\u00dfgeschneiderte Inhalte<br>und Werbung anbieten k\u00f6nnen. Bei Ihrem ersten Besuch auf unserer Website haben wir Sie bereits \u00fcber diese Cookies informiert und Sie um Ihre Erlaubnis gebeten,<br>diese zu platzieren. Sie k\u00f6nnen die Verwendung von Cookies ablehnen, indem Sie Ihren Internetbrowser so einstellen, dass keine Cookies mehr gespeichert werden. Dar\u00fcber hinaus k\u00f6nnen Sie auch alle zuvor gespeicherten<br>Informationen \u00fcber Ihre Browsereinstellungen l\u00f6schen. Eine Erl\u00e4uterung finden Sie unter:<br>https:\/\/veiliginternetten.nl\/themes\/situatie\/cookies-wat-zijn-het-en-wat-doe-ik-ermee\/<br>Diese Website platziert auch Cookies von Drittanbietern. Dazu geh\u00f6ren z.B. Werbetreibende und\/oder die Unternehmen der sozialen Medien. Im Folgenden finden Sie eine \u00dcbersicht: Google, Instagram, Facebook, TikTok, Twitter             <\/p>\n<p><br>Einsichtnahme, Berichtigung oder L\u00f6schung von Daten<br>Sie haben das Recht, Ihre personenbezogenen Daten einzusehen, zu berichtigen oder zu l\u00f6schen. Sie haben auch das Recht, Ihre eventuelle Zustimmung zur Datenverarbeitung<br>zur\u00fcckzuziehen oder der Verarbeitung Ihrer personenbezogenen Daten durch Dutch Mobile Parts B.V. zu widersprechen, und Sie haben das Recht auf<br>Daten\u00fcbertragbarkeit. Das bedeutet, dass Sie von uns verlangen k\u00f6nnen, dass wir die pers\u00f6nlichen Daten, die wir \u00fcber Sie in einer Computerdatei<br>haben, an Sie oder eine andere von Ihnen benannte Organisation senden. Sie k\u00f6nnen einen Antrag auf Einsichtnahme, Berichtigung, L\u00f6schung, Daten\u00fcbertragbarkeit Ihrer<br>personenbezogenen Daten oder einen Antrag auf Widerruf Ihrer Einwilligung oder Widerspruch gegen die Verarbeitung Ihrer personenbezogenen Daten an ahmed@tecmix.nl senden. Um<br>sicherzustellen, dass der Antrag auf Zugang von Ihnen gestellt wird, bitten wir Sie, eine Kopie Ihres Identit\u00e4tsnachweises mit dem Antrag zu senden. In dieser Kopie<br>schw\u00e4rzen Sie Ihr Passfoto, die MRZ (maschinenlesbare Zone, der Zahlenstreifen am unteren Rand des Passes), die Passnummer und die B\u00fcrgerservicenummer (BSN). Dies dient<br>dem Schutz Ihrer Privatsph\u00e4re. Wir werden Ihre Anfrage so schnell wie m\u00f6glich, jedoch innerhalb von vier Wochen, beantworten. Dutch Mobile Parts B.V. m\u00f6chte Sie auch darauf hinweisen, dass Sie unter<br>die M\u00f6glichkeit haben, eine Beschwerde bei der nationalen Aufsichtsbeh\u00f6rde, der Beh\u00f6rde f\u00fcr personenbezogene Daten, einzureichen. Sie k\u00f6nnen dies \u00fcber den folgenden Link tun:<br>https:\/\/autoriteitpersoonsgegevens.nl\/nl\/contact-met-de-autoriteit-persoonsgegevens\/tip-ons<br>Wie wir personenbezogene Daten sichern<br>Dutch Mobile Parts B.V. nimmt den Schutz Ihrer Daten ernst und ergreift geeignete Ma\u00dfnahmen zum Schutz vor Missbrauch, Verlust, unberechtigtem Zugriff,<br>unerw\u00fcnschter Offenlegung und unberechtigter \u00c4nderung. Wenn Sie den Eindruck haben, dass Ihre Daten nicht ordnungsgem\u00e4\u00df gesichert sind oder es Anzeichen f\u00fcr<br>Missbrauch gibt, wenden Sie sich bitte an unseren Kundendienst oder \u00fcber ahmed@tecmix.nl<br>&#8211; Sicherheitssoftware, wie z.B. Virenscanner und Firewall.<br>&#8211; TLS (fr\u00fcher SSL) Wir senden Ihre Daten \u00fcber eine sichere Internetverbindung. Sie erkennen dies an der Adressleiste &#8220;https&#8221; und dem Vorh\u00e4ngeschloss in der Adressleiste.             <\/p>\t\t\t\t\t\t\t\t<\/div>\n\t\t\t\t\t<\/div>\n\t\t<\/div>\n\t\t\t\t\t<\/div>\n\t\t<\/section>\n\t\t\t\t<\/div>\n\t\t","protected":false},"excerpt":{"rendered":"<p>Dutch Mobile Parts B.V., mit Sitz in Innsbruckweg 64, 3047 AH, Rotterdam, ist verantwortlich f\u00fcr die Verarbeitung personenbezogener Daten, wie sie in dieser Datenschutzerkl\u00e4rungwiedergegeben ist. Kontaktinformationen:https:\/\/www.dutchmobileparts.nlInnsbruckweg 64, 3047 AH, Rotterdam+31611450877 A. Ali ist der Datenschutzbeauftragte von Dutch Mobile Parts B.V. Sie k\u00f6nnen ihn unter ahmed@tecmix.nl erreichen. Personenbezogene Daten, die wir verarbeitenDutch Mobile Parts B.V. verarbeitet [&hellip;]<\/p>\n","protected":false},"author":2,"featured_media":0,"parent":0,"menu_order":0,"comment_status":"closed","ping_status":"closed","template":"","meta":{"_acf_changed":false,"content-type":"","footnotes":""},"class_list":["post-19695","page","type-page","status-publish","hentry"],"acf":[],"_links":{"self":[{"href":"https:\/\/powersolar.store\/de\/wp-json\/wp\/v2\/pages\/19695","targetHints":{"allow":["GET"]}}],"collection":[{"href":"https:\/\/powersolar.store\/de\/wp-json\/wp\/v2\/pages"}],"about":[{"href":"https:\/\/powersolar.store\/de\/wp-json\/wp\/v2\/types\/page"}],"author":[{"embeddable":true,"href":"https:\/\/powersolar.store\/de\/wp-json\/wp\/v2\/users\/2"}],"replies":[{"embeddable":true,"href":"https:\/\/powersolar.store\/de\/wp-json\/wp\/v2\/comments?post=19695"}],"version-history":[{"count":2,"href":"https:\/\/powersolar.store\/de\/wp-json\/wp\/v2\/pages\/19695\/revisions"}],"predecessor-version":[{"id":20314,"href":"https:\/\/powersolar.store\/de\/wp-json\/wp\/v2\/pages\/19695\/revisions\/20314"}],"wp:attachment":[{"href":"https:\/\/powersolar.store\/de\/wp-json\/wp\/v2\/media?parent=19695"}],"curies":[{"name":"wp","href":"https:\/\/api.w.org\/{rel}","templated":true}]}}