{"id":19721,"date":"2025-03-01T14:36:52","date_gmt":"2025-03-01T14:36:52","guid":{"rendered":"https:\/\/powersolar.store\/?page_id=19721"},"modified":"2025-07-12T01:13:57","modified_gmt":"2025-07-12T01:13:57","slug":"datenschutzbestimmungen-2","status":"publish","type":"page","link":"https:\/\/powersolar.store\/de\/datenschutzbestimmungen-2\/","title":{"rendered":"Datenschutzbestimmungen"},"content":{"rendered":"\n<p>PowerSolar.store respektiert die Privatsph\u00e4re seiner Kunden und sorgt daf\u00fcr, dass die pers\u00f6nlichen Daten, die Sie uns zur Verf\u00fcgung stellen, vertraulich behandelt werden.<\/p>\n\n<p><strong>Pers\u00f6nliche Daten<\/strong><\/p>\n\n<p>PowerSolar.store sammelt die folgenden pers\u00f6nlichen Daten:<\/p>\n\n<p>&#8211; Vorname<\/p>\n\n<p>&#8211; Nachname<\/p>\n\n<p>&#8211; Rufnummer<\/p>\n\n<p>&#8211; E-Mail Adresse<\/p>\n\n<p>&#8211; Name des Unternehmens<\/p>\n\n<p>&#8211; Rechnungsadresse<\/p>\n\n<p>&#8211; Lieferadresse<\/p>\n\n<p>&#8211; Nummer der Handelskammer<\/p>\n\n<p>&#8211; MwSt.-Nummer<\/p>\n\n<p><strong>Verwendungszwecke<\/strong><\/p>\n\n<p>Diese Daten werden f\u00fcr die folgenden Zwecke verwendet:<\/p>\n\n<p>&#8211; Bearbeitung von Auftr\u00e4gen<\/p>\n\n<p>&#8211; Bereitstellung von Informationen \u00fcber Produkte und Dienstleistungen<\/p>\n\n<p>&#8211; Erf\u00fcllung gesetzlicher Verpflichtungen<\/p>\n\n<p><strong>Bereitstellung f\u00fcr Dritte<\/strong><\/p>\n\n<p>PowerSolar.store wird Ihre pers\u00f6nlichen Daten nicht an Dritte weitergeben, es sei denn, dies ist f\u00fcr die Durchf\u00fchrung des Vertrages notwendig (z.B. an ein Transportunternehmen) oder PowerSolar.store ist gesetzlich dazu verpflichtet.<\/p>\n\n<p><strong>Newsletter<\/strong><\/p>\n\n<p>In Zukunft m\u00f6chte PowerSolar.store m\u00f6glicherweise Newsletter versenden. Sie k\u00f6nnen dies jederzeit widerrufen.<\/p>\n\n<p><strong>Cookies<\/strong><\/p>\n\n<p>PowerSolar.store verwendet Cookies, um die Website zu verbessern und benutzerfreundlicher zu gestalten.<\/p>\n\n<p><strong>Aufbewahrungsfrist<\/strong><\/p>\n\n<p>PowerSolar.store wird Ihre pers\u00f6nlichen Daten nicht l\u00e4nger aufbewahren, als es f\u00fcr die Zwecke, f\u00fcr die sie erhoben wurden, erforderlich ist.<\/p>\n\n<p><strong>Rechte<\/strong><\/p>\n\n<p>Sie haben das Recht, Ihre pers\u00f6nlichen Daten einzusehen, zu korrigieren oder zu l\u00f6schen. Wenden Sie sich dazu an PowerSolar.store.<\/p>\n\n<p><\/p>\n","protected":false},"excerpt":{"rendered":"<p>PowerSolar.store respektiert die Privatsph\u00e4re seiner Kunden und sorgt daf\u00fcr, dass die pers\u00f6nlichen Daten, die Sie uns zur Verf\u00fcgung stellen, vertraulich behandelt werden. Pers\u00f6nliche Daten PowerSolar.store sammelt die folgenden pers\u00f6nlichen Daten: &#8211; Vorname &#8211; Nachname &#8211; Rufnummer &#8211; E-Mail Adresse &#8211; Name des Unternehmens &#8211; Rechnungsadresse &#8211; Lieferadresse &#8211; Nummer der Handelskammer &#8211; MwSt.-Nummer Verwendungszwecke Diese [&hellip;]<\/p>\n","protected":false},"author":1,"featured_media":0,"parent":0,"menu_order":0,"comment_status":"closed","ping_status":"closed","template":"","meta":{"_acf_changed":false,"content-type":"","footnotes":""},"class_list":["post-19721","page","type-page","status-publish","hentry"],"acf":[],"_links":{"self":[{"href":"https:\/\/powersolar.store\/de\/wp-json\/wp\/v2\/pages\/19721","targetHints":{"allow":["GET"]}}],"collection":[{"href":"https:\/\/powersolar.store\/de\/wp-json\/wp\/v2\/pages"}],"about":[{"href":"https:\/\/powersolar.store\/de\/wp-json\/wp\/v2\/types\/page"}],"author":[{"embeddable":true,"href":"https:\/\/powersolar.store\/de\/wp-json\/wp\/v2\/users\/1"}],"replies":[{"embeddable":true,"href":"https:\/\/powersolar.store\/de\/wp-json\/wp\/v2\/comments?post=19721"}],"version-history":[{"count":4,"href":"https:\/\/powersolar.store\/de\/wp-json\/wp\/v2\/pages\/19721\/revisions"}],"predecessor-version":[{"id":19993,"href":"https:\/\/powersolar.store\/de\/wp-json\/wp\/v2\/pages\/19721\/revisions\/19993"}],"wp:attachment":[{"href":"https:\/\/powersolar.store\/de\/wp-json\/wp\/v2\/media?parent=19721"}],"curies":[{"name":"wp","href":"https:\/\/api.w.org\/{rel}","templated":true}]}}