{"id":19756,"date":"2025-06-14T10:08:04","date_gmt":"2025-06-14T10:08:04","guid":{"rendered":"https:\/\/powersolar.store\/rueckgabebedingungen-powersolar-store\/"},"modified":"2025-07-13T23:10:57","modified_gmt":"2025-07-13T23:10:57","slug":"rueckgabebedingungen-powersolar-store","status":"publish","type":"page","link":"https:\/\/powersolar.store\/de\/rueckgabebedingungen-powersolar-store\/","title":{"rendered":"R\u00fcckgaberecht"},"content":{"rendered":"\n<p>Da PowerSolar.store nur an Gesch\u00e4ftskunden liefert, gilt das gesetzliche Widerrufsrecht nicht.<\/p>\n\n<p>Eine R\u00fcckgabe ist nur m\u00f6glich, wenn die Produkte defekt sind oder nicht der Vereinbarung entsprechen.<\/p>\n\n<p>Der Kunde muss PowerSolar.store innerhalb von 5 Tagen nach Erhalt der Produkte schriftlich \u00fcber den Mangel oder die Nicht\u00fcbereinstimmung informieren.<\/p>\n\n<p>Die R\u00fccksendekosten gehen zu Lasten des Kunden, sofern nicht anders vereinbart.<\/p>\n","protected":false},"excerpt":{"rendered":"<p>Da PowerSolar.store nur an Gesch\u00e4ftskunden liefert, gilt das gesetzliche Widerrufsrecht nicht. Eine R\u00fcckgabe ist nur m\u00f6glich, wenn die Produkte defekt sind oder nicht der Vereinbarung entsprechen. Der Kunde muss PowerSolar.store innerhalb von 5 Tagen nach Erhalt der Produkte schriftlich \u00fcber den Mangel oder die Nicht\u00fcbereinstimmung informieren. Die R\u00fccksendekosten gehen zu Lasten des Kunden, sofern nicht [&hellip;]<\/p>\n","protected":false},"author":2,"featured_media":0,"parent":0,"menu_order":0,"comment_status":"closed","ping_status":"closed","template":"","meta":{"_acf_changed":false,"content-type":"","footnotes":""},"class_list":["post-19756","page","type-page","status-publish","hentry"],"acf":[],"_links":{"self":[{"href":"https:\/\/powersolar.store\/de\/wp-json\/wp\/v2\/pages\/19756","targetHints":{"allow":["GET"]}}],"collection":[{"href":"https:\/\/powersolar.store\/de\/wp-json\/wp\/v2\/pages"}],"about":[{"href":"https:\/\/powersolar.store\/de\/wp-json\/wp\/v2\/types\/page"}],"author":[{"embeddable":true,"href":"https:\/\/powersolar.store\/de\/wp-json\/wp\/v2\/users\/2"}],"replies":[{"embeddable":true,"href":"https:\/\/powersolar.store\/de\/wp-json\/wp\/v2\/comments?post=19756"}],"version-history":[{"count":3,"href":"https:\/\/powersolar.store\/de\/wp-json\/wp\/v2\/pages\/19756\/revisions"}],"predecessor-version":[{"id":20026,"href":"https:\/\/powersolar.store\/de\/wp-json\/wp\/v2\/pages\/19756\/revisions\/20026"}],"wp:attachment":[{"href":"https:\/\/powersolar.store\/de\/wp-json\/wp\/v2\/media?parent=19756"}],"curies":[{"name":"wp","href":"https:\/\/api.w.org\/{rel}","templated":true}]}}