{"id":19834,"date":"2025-05-05T14:27:26","date_gmt":"2025-05-05T14:27:26","guid":{"rendered":"https:\/\/powersolar.store\/product\/jinko-jkm435-54hl4r-bdb-425-450-1500v-transparent-schwarz\/"},"modified":"2025-09-10T18:36:46","modified_gmt":"2025-09-10T18:36:46","slug":"jinko-jkm435-54hl4r-bdb-425-450-1500v-transparent-schwarz","status":"publish","type":"product","link":"https:\/\/powersolar.store\/de\/product\/jinko-jkm435-54hl4r-bdb-425-450-1500v-transparent-schwarz\/","title":{"rendered":"Jinko JKM435-54HL4R-BDB 425-450 1500V Transparent Schwarz"},"content":{"rendered":"<p><strong>Doppelseitige Stromerzeugung<\/strong><br \/>\nDie Paneele erzeugen auf beiden Seiten Strom, so dass sie zus\u00e4tzliche Energie erzeugen k\u00f6nnen, wenn das Licht auch auf die R\u00fcckseite f\u00e4llt. Dies erh\u00f6ht den Ertrag und senkt die Gesamtkosten pro erzeugter Kilowattstunde (LCOE). <\/p>\n<p><strong>SMBB-Technologie (Multi-Busbar)<\/strong><br \/>\nDie Panels sind mit der SMBB-Technologie ausgestattet, die eine bessere Lichtsammlung und eine effizientere Stromleitung erm\u00f6glicht. Dies erh\u00f6ht die Leistung und Zuverl\u00e4ssigkeit des Panels. <\/p>\n<p><strong>Starke mechanische Belastbarkeit<\/strong><br \/>\nDie Solarmodule werden auf ihre Belastbarkeit getestet:<\/p>\n<ul>\n<li>Bis zu 5400 Pa Frontdruck (z.B. Schneelast)<\/li>\n<li>Bis zu 2400 Pa auf der R\u00fcckseite (z. B. Windlast)<\/li>\n<\/ul>\n<p><strong>Anti-PID-Garantie<\/strong><br \/>\nDank eines optimierten Herstellungsprozesses und einer sorgf\u00e4ltigen Materialauswahl ist das Risiko eines Leistungsverlusts durch potenzialinduzierte Degradation (PID) minimal.<\/p>\n<p><strong>Garantie<\/strong><\/p>\n<ul>\n<li>15 Jahre Produktgarantie<\/li>\n<li>25 Jahre Garantie f\u00fcr lineare Leistung<\/li>\n<li>Erwartete Verschlechterung: nur 0,4% pro Jahr nach dem ersten Jahr<\/li>\n<\/ul>\n","protected":false},"excerpt":{"rendered":"<p><strong>N-Typ Solarmodule mit TOPCon-Technologie<\/strong><br \/>\nDiese Solarmodule verwenden die fortschrittliche N-Typ TOPCon-Technologie (Tunnel Oxide Passivated Contacts), die eine geringere Degradation durch LID (Light Induced Degradation) und LeTID (Light and Elevated Temperature Induced Degradation) gew\u00e4hrleistet. Auch bei schlechten Lichtverh\u00e4ltnissen zeigen sie eine bessere Leistung als Standard-Panels. <\/p>\n<p><strong>HOT 2.0 Technologie<\/strong><br \/>\nDank der HOT 2.0 Technologie von JinkoSolar bieten die Module eine h\u00f6here Effizienz und Zuverl\u00e4ssigkeit. Sie behalten 99% ihrer Leistung nach dem ersten Jahr und verschlechtern sich danach nur minimal, mit einem Leistungsverlust von nur 0,4% pro Jahr \u00fcber 30 Jahre. <\/p>\n<p>&nbsp;<\/p>\n","protected":false},"featured_media":19406,"comment_status":"open","ping_status":"closed","template":"","meta":{"_acf_changed":false,"content-type":""},"product_brand":[2820],"product_cat":[2802],"product_tag":[],"class_list":{"0":"post-19834","1":"product","2":"type-product","3":"status-publish","4":"has-post-thumbnail","6":"product_brand-jinko-de","7":"product_cat-sonnenkollektoren","9":"first","10":"outofstock","11":"taxable","12":"shipping-taxable","13":"purchasable","14":"product-type-simple"},"acf":[],"_links":{"self":[{"href":"https:\/\/powersolar.store\/de\/wp-json\/wp\/v2\/product\/19834","targetHints":{"allow":["GET"]}}],"collection":[{"href":"https:\/\/powersolar.store\/de\/wp-json\/wp\/v2\/product"}],"about":[{"href":"https:\/\/powersolar.store\/de\/wp-json\/wp\/v2\/types\/product"}],"replies":[{"embeddable":true,"href":"https:\/\/powersolar.store\/de\/wp-json\/wp\/v2\/comments?post=19834"}],"version-history":[{"count":3,"href":"https:\/\/powersolar.store\/de\/wp-json\/wp\/v2\/product\/19834\/revisions"}],"predecessor-version":[{"id":21216,"href":"https:\/\/powersolar.store\/de\/wp-json\/wp\/v2\/product\/19834\/revisions\/21216"}],"wp:featuredmedia":[{"embeddable":true,"href":"https:\/\/powersolar.store\/de\/wp-json\/wp\/v2\/media\/19406"}],"wp:attachment":[{"href":"https:\/\/powersolar.store\/de\/wp-json\/wp\/v2\/media?parent=19834"}],"wp:term":[{"taxonomy":"product_brand","embeddable":true,"href":"https:\/\/powersolar.store\/de\/wp-json\/wp\/v2\/product_brand?post=19834"},{"taxonomy":"product_cat","embeddable":true,"href":"https:\/\/powersolar.store\/de\/wp-json\/wp\/v2\/product_cat?post=19834"},{"taxonomy":"product_tag","embeddable":true,"href":"https:\/\/powersolar.store\/de\/wp-json\/wp\/v2\/product_tag?post=19834"}],"curies":[{"name":"wp","href":"https:\/\/api.w.org\/{rel}","templated":true}]}}