{"id":19838,"date":"2025-03-06T23:30:19","date_gmt":"2025-03-06T23:30:19","guid":{"rendered":"https:\/\/powersolar.store\/product\/huawei-luna2000-s1-batteriesystem-7kwh\/"},"modified":"2025-09-10T18:37:55","modified_gmt":"2025-09-10T18:37:55","slug":"huawei-luna2000-s1-batteriesystem-7kwh","status":"publish","type":"product","link":"https:\/\/powersolar.store\/de\/product\/huawei-luna2000-s1-batteriesystem-7kwh\/","title":{"rendered":"Huawei LUNA2000 S1 Batteriesystem 7kWh"},"content":{"rendered":"<table>\n<tbody>\n<tr>\n<td width=\"338\">Batterieanschluss<\/td>\n<td width=\"266\">IP66<\/td>\n<\/tr>\n<tr>\n<td width=\"338\">Schutzgrad (IP)<\/td>\n<td width=\"266\">590 mm<\/td>\n<\/tr>\n<tr>\n<td width=\"338\">Breite<\/td>\n<td width=\"266\">6.9 kWh<\/td>\n<\/tr>\n<tr>\n<td width=\"338\">Nutzbare Batteriekapazit\u00e4t<\/td>\n<td width=\"266\">255 mm<\/td>\n<\/tr>\n<tr>\n<td width=\"338\">Tiefe<\/td>\n<td width=\"266\">Stapelbar<\/td>\n<\/tr>\n<tr>\n<td width=\"338\">Formfaktor<\/td>\n<td width=\"266\">10 Jahre<\/td>\n<\/tr>\n<tr>\n<td width=\"338\">Garantie<\/td>\n<td width=\"266\">Ja<\/td>\n<\/tr>\n<tr>\n<td width=\"338\">F\u00fcr die Innenaufstellung geeignet<\/td>\n<td width=\"266\">Ja<\/td>\n<\/tr>\n<tr>\n<td width=\"338\">F\u00fcr die Installation im Freien geeignet<\/td>\n<td width=\"266\">Ja<\/td>\n<\/tr>\n<tr>\n<td width=\"338\">Geeignet f\u00fcr Notstrom<\/td>\n<td width=\"266\">80 kg<\/td>\n<\/tr>\n<tr>\n<td width=\"338\">Gewicht<\/td>\n<td width=\"266\">510 mm<\/td>\n<\/tr>\n<tr>\n<td width=\"338\">H\u00f6he<\/td>\n<td width=\"266\">100 %<\/td>\n<\/tr>\n<tr>\n<td width=\"338\">Maximale Entladungstiefe<\/td>\n<td width=\"266\">Huawei<\/td>\n<\/tr>\n<tr>\n<td width=\"338\">Marke<\/td>\n<td width=\"266\">Lithium-Ionen<\/td>\n<\/tr>\n<tr>\n<td width=\"338\">Modell<\/td>\n<td width=\"266\">3.5 kWh<\/td>\n<\/tr>\n<tr>\n<td width=\"338\">Nominale Batteriekapazit\u00e4t <\/td>\n<td width=\"266\">DC<\/td>\n<\/tr>\n<tr>\n<td width=\"338\">Spannungstyp<\/td>\n<td width=\"266\"><\/td>\n<\/tr>\n<\/tbody>\n<\/table>\n","protected":false},"excerpt":{"rendered":"<p>Entdecken Sie das LUNA2000 Home Battery System, die ideale L\u00f6sung f\u00fcr alle Ihre Energiebed\u00fcrfnisse. Dieses fortschrittliche Batteriemodul mit Hochspannungstechnologie bietet einen innovativen Ansatz zur Energiespeicherung, so dass Sie sich immer auf eine zuverl\u00e4ssige Stromversorgung verlassen k\u00f6nnen, wann und wo Sie sie brauchen. <\/p>\n<p>Mit den neuesten Technologien liefert das LUNA2000 Heimbatteriesystem eine beeindruckende Leistung und gew\u00e4hrleistet eine stabile Stromversorgung auch unter den h\u00e4rtesten Bedingungen. Ganz gleich, ob Sie ein privates, gewerbliches oder industrielles System haben, diese Heimbatterie passt sich m\u00fchelos an Ihre spezifischen Anforderungen an und ist damit die perfekte Wahl f\u00fcr verschiedene Anwendungen. <\/p>\n<p>Der C-HUA-LUNA2000-7-S1 hat eine Batteriekapazit\u00e4t von 7kWh und enth\u00e4lt die folgenden Komponenten:<\/p>\n<p>1x LUNA2000 Akku-Modul (LUNA2000-7-E1)<br \/>\n1x LUNA2000 HV Akku-Leistungsmodul (LUNA2000-10KW-C1)<\/p>\n","protected":false},"featured_media":19320,"comment_status":"open","ping_status":"closed","template":"","meta":{"_acf_changed":false,"content-type":""},"product_brand":[2813],"product_cat":[2808],"product_tag":[],"class_list":{"0":"post-19838","1":"product","2":"type-product","3":"status-publish","4":"has-post-thumbnail","6":"product_brand-huawei-de","7":"product_cat-batterie-systeme","9":"first","10":"outofstock","11":"taxable","12":"shipping-taxable","13":"purchasable","14":"product-type-simple"},"acf":[],"_links":{"self":[{"href":"https:\/\/powersolar.store\/de\/wp-json\/wp\/v2\/product\/19838","targetHints":{"allow":["GET"]}}],"collection":[{"href":"https:\/\/powersolar.store\/de\/wp-json\/wp\/v2\/product"}],"about":[{"href":"https:\/\/powersolar.store\/de\/wp-json\/wp\/v2\/types\/product"}],"replies":[{"embeddable":true,"href":"https:\/\/powersolar.store\/de\/wp-json\/wp\/v2\/comments?post=19838"}],"version-history":[{"count":2,"href":"https:\/\/powersolar.store\/de\/wp-json\/wp\/v2\/product\/19838\/revisions"}],"predecessor-version":[{"id":21219,"href":"https:\/\/powersolar.store\/de\/wp-json\/wp\/v2\/product\/19838\/revisions\/21219"}],"wp:featuredmedia":[{"embeddable":true,"href":"https:\/\/powersolar.store\/de\/wp-json\/wp\/v2\/media\/19320"}],"wp:attachment":[{"href":"https:\/\/powersolar.store\/de\/wp-json\/wp\/v2\/media?parent=19838"}],"wp:term":[{"taxonomy":"product_brand","embeddable":true,"href":"https:\/\/powersolar.store\/de\/wp-json\/wp\/v2\/product_brand?post=19838"},{"taxonomy":"product_cat","embeddable":true,"href":"https:\/\/powersolar.store\/de\/wp-json\/wp\/v2\/product_cat?post=19838"},{"taxonomy":"product_tag","embeddable":true,"href":"https:\/\/powersolar.store\/de\/wp-json\/wp\/v2\/product_tag?post=19838"}],"curies":[{"name":"wp","href":"https:\/\/api.w.org\/{rel}","templated":true}]}}