{"id":19839,"date":"2025-03-06T23:10:28","date_gmt":"2025-03-06T23:10:28","guid":{"rendered":"https:\/\/powersolar.store\/product\/enphase-iq-8mc-mikro-wechselrichter-iq8mc-72-m-int\/"},"modified":"2026-02-11T13:55:49","modified_gmt":"2026-02-11T12:55:49","slug":"enphase-iq-8mc-mikro-wechselrichter-iq8mc-72-m-int","status":"publish","type":"product","link":"https:\/\/powersolar.store\/de\/product\/enphase-iq-8mc-mikro-wechselrichter-iq8mc-72-m-int\/","title":{"rendered":"Enphase IQ 8MC Mikro-Wechselrichter IQ8MC-72-M-INT"},"content":{"rendered":"<table width=\"652\">\n<tbody>\n<tr>\n<td width=\"326\"><strong>Wirkungsgrad<\/strong><\/td>\n<td>96.7 %<\/td>\n<\/tr>\n<tr>\n<td width=\"326\"><strong>L\u00e4nge<\/strong><\/td>\n<td>17,5 cm<\/td>\n<\/tr>\n<tr>\n<td width=\"326\"><strong>Breite<\/strong><\/td>\n<td>21.2<\/td>\n<\/tr>\n<tr>\n<td width=\"326\"><strong>Tiefe<\/strong><\/td>\n<td>3.02 cm<\/td>\n<\/tr>\n<tr>\n<td width=\"326\"><strong>Gewicht<\/strong><\/td>\n<td>1.08 Kg<\/td>\n<\/tr>\n<tr>\n<td width=\"326\"><strong>Produkt-Garantie<\/strong><\/td>\n<td>25 Jahre<\/td>\n<\/tr>\n<tr>\n<td width=\"326\"><strong>Module pro Palette<\/strong><\/td>\n<td>756<\/td>\n<\/tr>\n<tr>\n<td width=\"326\"><strong>Watt (DC)<\/strong><\/td>\n<td>480 W<\/td>\n<\/tr>\n<tr>\n<td width=\"326\"><strong>Watt (AC)<\/strong><\/td>\n<td>330 VA<\/td>\n<\/tr>\n<tr>\n<td width=\"326\"><strong>Verpackung<\/strong><\/td>\n<td>18 St\u00fcck pro Box<\/td>\n<\/tr>\n<tr>\n<td width=\"326\"><strong>Watt<\/strong><\/td>\n<td>330<\/td>\n<\/tr>\n<tr>\n<td width=\"326\"><strong>Phase<\/strong><\/td>\n<td>1<br \/>\n3 &#8211; Phase<\/td>\n<\/tr>\n<tr>\n<td width=\"326\"><strong>MPPT<\/strong><\/td>\n<td>1<\/td>\n<\/tr>\n<tr>\n<td width=\"326\"><strong>Anzeige<\/strong><\/td>\n<td>Nein<\/td>\n<\/tr>\n<tr>\n<td width=\"326\"><strong>DC Anschluss<\/strong><\/td>\n<td>MC4<\/td>\n<\/tr>\n<tr>\n<td width=\"326\"><strong>Schutzart des Geh\u00e4uses<\/strong><\/td>\n<td>IP67<\/td>\n<\/tr>\n<\/tbody>\n<\/table>\n","protected":false},"excerpt":{"rendered":"<p>Der IQ8MC Mikro-Wechselrichter von Enphase mit integrierten MC4-Anschl\u00fcssen bietet dank seiner fortschrittlichen, leichteren Zweidrahtverdrahtung eine schnelle und einfache Installation. Dieser Wechselrichter bietet den h\u00f6chsten Systemwirkungsgrad in Systemen mit 54-Zellen \/ 108 Halbzellen-, 60-Zellen \/ 120 Halbzellen-, 66-Zellen \/ 132 Halbzellen- und 72-Zellen \/ 144 Halbzellen-Modulen. Der ENP-IQ8MC-72-M-INT hat einen Wirkungsgrad von 97,5% und eine Spitzenleistung von 325 VA.  <\/p>\n<p>Dieses leistungsstarke Ger\u00e4t ist ideal f\u00fcr PV-Module mit hohem Wirkungsgrad und bietet dank seiner Rapid Shutdown-Funktionalit\u00e4t eine hervorragende Zuverl\u00e4ssigkeit. Der IQ8MC Mikro-Wechselrichter ist Teil des Enphase IQ-Systems und kann f\u00fcr eine umfassende \u00dcberwachung und Analyse mit dem Enphase Envoy-S, der Enphase IQ Battery und der Enphase Enlighten Software verbunden werden. <\/p>\n","protected":false},"featured_media":19314,"comment_status":"open","ping_status":"closed","template":"","meta":{"_acf_changed":false,"content-type":""},"product_brand":[2844],"product_cat":[2809],"product_tag":[],"class_list":{"0":"post-19839","1":"product","2":"type-product","3":"status-publish","4":"has-post-thumbnail","6":"product_brand-enphase-de","7":"product_cat-wechselrichter","9":"first","10":"instock","11":"taxable","12":"shipping-taxable","13":"purchasable","14":"product-type-simple"},"acf":[],"_links":{"self":[{"href":"https:\/\/powersolar.store\/de\/wp-json\/wp\/v2\/product\/19839","targetHints":{"allow":["GET"]}}],"collection":[{"href":"https:\/\/powersolar.store\/de\/wp-json\/wp\/v2\/product"}],"about":[{"href":"https:\/\/powersolar.store\/de\/wp-json\/wp\/v2\/types\/product"}],"replies":[{"embeddable":true,"href":"https:\/\/powersolar.store\/de\/wp-json\/wp\/v2\/comments?post=19839"}],"version-history":[{"count":3,"href":"https:\/\/powersolar.store\/de\/wp-json\/wp\/v2\/product\/19839\/revisions"}],"predecessor-version":[{"id":22175,"href":"https:\/\/powersolar.store\/de\/wp-json\/wp\/v2\/product\/19839\/revisions\/22175"}],"wp:featuredmedia":[{"embeddable":true,"href":"https:\/\/powersolar.store\/de\/wp-json\/wp\/v2\/media\/19314"}],"wp:attachment":[{"href":"https:\/\/powersolar.store\/de\/wp-json\/wp\/v2\/media?parent=19839"}],"wp:term":[{"taxonomy":"product_brand","embeddable":true,"href":"https:\/\/powersolar.store\/de\/wp-json\/wp\/v2\/product_brand?post=19839"},{"taxonomy":"product_cat","embeddable":true,"href":"https:\/\/powersolar.store\/de\/wp-json\/wp\/v2\/product_cat?post=19839"},{"taxonomy":"product_tag","embeddable":true,"href":"https:\/\/powersolar.store\/de\/wp-json\/wp\/v2\/product_tag?post=19839"}],"curies":[{"name":"wp","href":"https:\/\/api.w.org\/{rel}","templated":true}]}}