{"id":19841,"date":"2025-03-06T23:18:58","date_gmt":"2025-03-06T23:18:58","guid":{"rendered":"https:\/\/powersolar.store\/product\/huawei-sun2000-50ktl-m3-01075485-058-32-113545\/"},"modified":"2025-09-10T18:39:04","modified_gmt":"2025-09-10T18:39:04","slug":"huawei-sun2000-50ktl-m3-01075485-058-32-113545","status":"publish","type":"product","link":"https:\/\/powersolar.store\/de\/product\/huawei-sun2000-50ktl-m3-01075485-058-32-113545\/","title":{"rendered":"Huawei SUN2000-50KTL-M3 01075485-058 | 32-113545"},"content":{"rendered":"<table width=\"652\">\n<tbody>\n<tr>\n<td width=\"326\"><strong>Wirkungsgrad<\/strong><\/td>\n<td>98.0 %<\/td>\n<\/tr>\n<tr>\n<td width=\"326\"><strong>Gewicht<\/strong><\/td>\n<td>49.0 Kg<\/td>\n<\/tr>\n<tr>\n<td width=\"326\"><strong>Produkt-Garantie<\/strong><\/td>\n<td>5 Jahre<\/td>\n<\/tr>\n<tr>\n<td width=\"326\"><strong>Module pro Palette<\/strong><\/td>\n<td>3<\/td>\n<\/tr>\n<tr>\n<td width=\"326\"><strong>Watt (AC)<\/strong><\/td>\n<td>55000 VA<\/td>\n<\/tr>\n<tr>\n<td width=\"326\"><strong>Watt<\/strong><\/td>\n<td>50000<\/td>\n<\/tr>\n<tr>\n<td width=\"326\"><strong>Phase<\/strong><\/td>\n<td>3 &#8211; Phase<\/td>\n<\/tr>\n<tr>\n<td width=\"326\"><strong>MPPT<\/strong><\/td>\n<td>4<\/td>\n<\/tr>\n<tr>\n<td width=\"326\"><strong>Anzeige<\/strong><\/td>\n<td>Nein<\/td>\n<\/tr>\n<tr>\n<td width=\"326\"><strong>DC Anschluss<\/strong><\/td>\n<td>Amphenol H4<\/td>\n<\/tr>\n<tr>\n<td width=\"326\"><strong>Schutzart des Geh\u00e4uses<\/strong><\/td>\n<td>IP66<\/td>\n<\/tr>\n<tr>\n<td width=\"326\"><strong>Verl\u00e4ngerungen f\u00fcr<\/strong><\/td>\n<td>10<br \/>\n15<br \/>\n20 Jahre<\/td>\n<\/tr>\n<tr>\n<td width=\"326\"><strong>Optimierer<\/strong><\/td>\n<td>Nein<\/td>\n<\/tr>\n<tr>\n<td width=\"326\"><strong>Optional<\/strong><\/td>\n<td>WLAN\/Ethernet \u00fcber Smart Dongle-WLAN-FE 4G\/3G\/2G \u00fcber Smart Dongle-4G<\/td>\n<\/tr>\n<tr>\n<td width=\"326\"><strong>Kommunikation<\/strong><\/td>\n<td>RS485<\/td>\n<\/tr>\n<tr>\n<td width=\"326\"><strong>Andere Merkmale<\/strong><\/td>\n<td>MBUS (Trenntransformator erforderlich) AFCI<\/td>\n<\/tr>\n<tr>\n<td width=\"326\"><strong>Zertifizierungen<\/strong><\/td>\n<td>NL<br \/>\nBE<br \/>\nDE<br \/>\nFR<br \/>\nES<br \/>\nLU<\/td>\n<\/tr>\n<tr>\n<td width=\"326\"><strong>Abmessungen<\/strong><\/td>\n<td>64.0 x 53.0 x 27.0 cm<\/td>\n<\/tr>\n<\/tbody>\n<\/table>\n","protected":false},"excerpt":{"rendered":"<p>Der Huawei SUN2000-50KTL-M3 ist ein robuster Solarwechselrichter, ideal f\u00fcr gro\u00dfe Solaranlagen. Das Ger\u00e4t hat eine maximale Leistung von 55.000 VA und erreicht einen Wirkungsgrad von bis zu 98,5%. Dank einer maximalen Gleichspannung von 1100 V kann er verschiedene Konfigurationen von Solarmodulen unterst\u00fctzen. Die intelligente \u00dcberwachungsfunktion sorgt f\u00fcr optimale Leistung und schnelle Fehlerbehebung und tr\u00e4gt so zu einer nachhaltigeren Zukunft bei.   <\/p>\n<p>&nbsp;<\/p>\n","protected":false},"featured_media":19318,"comment_status":"open","ping_status":"closed","template":"","meta":{"_acf_changed":false,"content-type":""},"product_brand":[2813],"product_cat":[2809],"product_tag":[],"class_list":{"0":"post-19841","1":"product","2":"type-product","3":"status-publish","4":"has-post-thumbnail","6":"product_brand-huawei-de","7":"product_cat-wechselrichter","9":"first","10":"outofstock","11":"taxable","12":"shipping-taxable","13":"purchasable","14":"product-type-simple"},"acf":[],"_links":{"self":[{"href":"https:\/\/powersolar.store\/de\/wp-json\/wp\/v2\/product\/19841","targetHints":{"allow":["GET"]}}],"collection":[{"href":"https:\/\/powersolar.store\/de\/wp-json\/wp\/v2\/product"}],"about":[{"href":"https:\/\/powersolar.store\/de\/wp-json\/wp\/v2\/types\/product"}],"replies":[{"embeddable":true,"href":"https:\/\/powersolar.store\/de\/wp-json\/wp\/v2\/comments?post=19841"}],"version-history":[{"count":3,"href":"https:\/\/powersolar.store\/de\/wp-json\/wp\/v2\/product\/19841\/revisions"}],"predecessor-version":[{"id":21223,"href":"https:\/\/powersolar.store\/de\/wp-json\/wp\/v2\/product\/19841\/revisions\/21223"}],"wp:featuredmedia":[{"embeddable":true,"href":"https:\/\/powersolar.store\/de\/wp-json\/wp\/v2\/media\/19318"}],"wp:attachment":[{"href":"https:\/\/powersolar.store\/de\/wp-json\/wp\/v2\/media?parent=19841"}],"wp:term":[{"taxonomy":"product_brand","embeddable":true,"href":"https:\/\/powersolar.store\/de\/wp-json\/wp\/v2\/product_brand?post=19841"},{"taxonomy":"product_cat","embeddable":true,"href":"https:\/\/powersolar.store\/de\/wp-json\/wp\/v2\/product_cat?post=19841"},{"taxonomy":"product_tag","embeddable":true,"href":"https:\/\/powersolar.store\/de\/wp-json\/wp\/v2\/product_tag?post=19841"}],"curies":[{"name":"wp","href":"https:\/\/api.w.org\/{rel}","templated":true}]}}