{"id":19978,"date":"2025-05-26T11:49:14","date_gmt":"2025-05-26T11:49:14","guid":{"rendered":"https:\/\/powersolar.store\/product\/jinko-jkm595n-72hl4-v-580-605-1500v-silberner-rahmen\/"},"modified":"2026-02-11T13:33:15","modified_gmt":"2026-02-11T12:33:15","slug":"jinko-jkm595n-72hl4-v-580-605-1500v-silberner-rahmen","status":"publish","type":"product","link":"https:\/\/powersolar.store\/de\/product\/jinko-jkm595n-72hl4-v-580-605-1500v-silberner-rahmen\/","title":{"rendered":"Jinko JKM595N-72HL4-V 580-605 1500V Silberner Rahmen"},"content":{"rendered":"<p class=\"description__text\">N-Typ-Technologie N-Typ-Module mit der TOPcon-Technologie (Tunnel Oxide Passivating Contacts) bieten eine geringere LID\/LETID-Degradation und eine bessere Leistung bei schwachem Licht. HOT 3.0-Technologie N-Typ-Module mit der HOT 3.0-Technologie von JinkoSolar bieten eine h\u00f6here Zuverl\u00e4ssigkeit und Effizienz. Widerstandsf\u00e4higkeit gegen extreme Umweltbedingungen Hohe Resistenz gegen Salznebel und Ammoniak. Mechanische Belastung Verbessert Zertifiziert f\u00fcr: 5400 Pa maximale statische Testlast auf der Vorderseite 2400 Pa maximale statische Testlast auf der R\u00fcckseite SMBB-Technologie Bessere Lichtabschirmung und Stromsammlung zur Verbesserung der Modulleistung und Zuverl\u00e4ssigkeit. Anti-PID-Garantie Minimiert das Risiko einer Degradation durch PID-Ph\u00e4nomene durch Optimierung der Zellproduktionstechnologie und der Materialkontrolle.    <\/p>\n","protected":false},"excerpt":{"rendered":"<p class=\"description__text\">N-Typ-Technologie N-Typ-Module mit der TOPcon-Technologie (Tunnel Oxide Passivating Contacts) bieten eine geringere LID\/LETID-Degradation und eine bessere Leistung bei schwachem Licht. HOT 3.0-Technologie N-Typ-Module mit der HOT 3.0-Technologie von JinkoSolar bieten eine h\u00f6here Zuverl\u00e4ssigkeit und Effizienz. Widerstandsf\u00e4higkeit gegen extreme Umweltbedingungen Hohe Resistenz gegen Salznebel und Ammoniak. Mechanische Belastung Verbessert Zertifiziert f\u00fcr: 5400 Pa maximale statische Testlast auf der Vorderseite 2400 Pa maximale statische Testlast auf der R\u00fcckseite SMBB-Technologie Bessere Lichtabschirmung und Stromsammlung zur Verbesserung der Modulleistung und Zuverl\u00e4ssigkeit. Anti-PID-Garantie Minimiert das Risiko einer Degradation durch PID-Ph\u00e4nomene durch Optimierung der Zellproduktionstechnologie und der Materialkontrolle.    <\/p>\n","protected":false},"featured_media":19558,"comment_status":"open","ping_status":"closed","template":"","meta":{"_acf_changed":false,"content-type":""},"product_brand":[2820],"product_cat":[2802],"product_tag":[],"class_list":{"0":"post-19978","1":"product","2":"type-product","3":"status-publish","4":"has-post-thumbnail","6":"product_brand-jinko-de","7":"product_cat-sonnenkollektoren","9":"first","10":"outofstock","11":"taxable","12":"shipping-taxable","13":"purchasable","14":"product-type-simple"},"acf":[],"_links":{"self":[{"href":"https:\/\/powersolar.store\/de\/wp-json\/wp\/v2\/product\/19978","targetHints":{"allow":["GET"]}}],"collection":[{"href":"https:\/\/powersolar.store\/de\/wp-json\/wp\/v2\/product"}],"about":[{"href":"https:\/\/powersolar.store\/de\/wp-json\/wp\/v2\/types\/product"}],"replies":[{"embeddable":true,"href":"https:\/\/powersolar.store\/de\/wp-json\/wp\/v2\/comments?post=19978"}],"version-history":[{"count":4,"href":"https:\/\/powersolar.store\/de\/wp-json\/wp\/v2\/product\/19978\/revisions"}],"predecessor-version":[{"id":22173,"href":"https:\/\/powersolar.store\/de\/wp-json\/wp\/v2\/product\/19978\/revisions\/22173"}],"wp:featuredmedia":[{"embeddable":true,"href":"https:\/\/powersolar.store\/de\/wp-json\/wp\/v2\/media\/19558"}],"wp:attachment":[{"href":"https:\/\/powersolar.store\/de\/wp-json\/wp\/v2\/media?parent=19978"}],"wp:term":[{"taxonomy":"product_brand","embeddable":true,"href":"https:\/\/powersolar.store\/de\/wp-json\/wp\/v2\/product_brand?post=19978"},{"taxonomy":"product_cat","embeddable":true,"href":"https:\/\/powersolar.store\/de\/wp-json\/wp\/v2\/product_cat?post=19978"},{"taxonomy":"product_tag","embeddable":true,"href":"https:\/\/powersolar.store\/de\/wp-json\/wp\/v2\/product_tag?post=19978"}],"curies":[{"name":"wp","href":"https:\/\/api.w.org\/{rel}","templated":true}]}}