{"id":20531,"date":"2025-08-19T08:44:04","date_gmt":"2025-08-19T08:44:04","guid":{"rendered":"https:\/\/powersolar.store\/product\/growatt-mod-5000tl3-xh-bp\/"},"modified":"2025-12-01T06:27:51","modified_gmt":"2025-12-01T05:27:51","slug":"growatt-mod-5000tl3-xh-bp","status":"publish","type":"product","link":"https:\/\/powersolar.store\/de\/product\/growatt-mod-5000tl3-xh-bp\/","title":{"rendered":"Growatt MOD 5000TL3-XH BP"},"content":{"rendered":"","protected":false},"excerpt":{"rendered":"<div class=\"product-more-container__parameters product-more-container__parameters--desktop\">\n<div class=\"parameters-container\" data-v-ac737b03=\"\">\n<div class=\"table-container\" data-v-95105a14=\"\" data-v-ac737b03=\"\">\n<div class=\"v-table v-theme--light v-table--density-default\" data-v-95105a14=\"\">\n<div class=\"v-table__wrapper\">\n<table>\n<tbody data-v-95105a14=\"\">\n<tr class=\"table-container__row\" data-v-95105a14=\"\">\n<td class=\"table-container__first-column\" data-v-95105a14=\"\">Wechselrichter Typ<\/td>\n<td class=\"table-container__second-column\" data-v-95105a14=\"\"><span class=\"\" data-v-95105a14=\"\">Hybrid<\/span><\/td>\n<\/tr>\n<tr class=\"table-container__row\" data-v-95105a14=\"\">\n<td class=\"table-container__first-column\" data-v-95105a14=\"\">MPPT<\/td>\n<td class=\"table-container__second-column\" data-v-95105a14=\"\"><span class=\"\" data-v-95105a14=\"\"><span dir=\"auto\" style=\"vertical-align: inherit;\"><span dir=\"auto\" style=\"vertical-align: inherit;\"><span dir=\"auto\" style=\"vertical-align: inherit;\"><span dir=\"auto\" style=\"vertical-align: inherit;\">2<\/span><\/span><\/span><\/span><\/span><\/td>\n<\/tr>\n<tr class=\"table-container__row\" data-v-95105a14=\"\">\n<td class=\"table-container__first-column\" data-v-95105a14=\"\">Leistung des Wechselrichters<\/td>\n<td class=\"table-container__second-column\" data-v-95105a14=\"\"><span class=\"\" data-v-95105a14=\"\">5 kW<\/span><\/td>\n<\/tr>\n<tr class=\"table-container__row\" data-v-95105a14=\"\">\n<td class=\"table-container__first-column\" data-v-95105a14=\"\">Anzahl der Phasen<\/td>\n<td class=\"table-container__second-column\" data-v-95105a14=\"\"><span class=\"\" data-v-95105a14=\"\">3<\/span><\/td>\n<\/tr>\n<\/tbody>\n<\/table>\n<\/div>\n<\/div>\n<\/div>\n<\/div>\n<\/div>\n<div class=\"product-more-container__details\">\n<div class=\"offer-details-container\" data-v-dec3445d=\"\">\n<div class=\"section-title section-title--accordion\" data-v-9377cc97=\"\" data-v-dec3445d=\"\">\n<div class=\"section-title__accordion\" data-v-9377cc97=\"\">\n<h2 class=\"section-title__text\" data-v-9377cc97=\"\">Details zum Produkt<\/h2>\n<div class=\"svg-icon section-title__icon section-title__icon--up\" data-v-9377cc97=\"\"><\/div>\n<\/div>\n<\/div>\n<div class=\"offer-details-container__content\" data-v-dec3445d=\"\">\n<div class=\"table-container\" data-v-95105a14=\"\" data-v-dec3445d=\"\">\n<div class=\"v-table v-theme--light v-table--density-default\" data-v-95105a14=\"\">\n<div class=\"v-table__wrapper\">\n<table>\n<tbody data-v-95105a14=\"\">\n<tr class=\"\" data-v-95105a14=\"\">\n<td class=\"table-container__first-column\" data-v-95105a14=\"\">Name der Serie<\/td>\n<td class=\"table-container__second-column\" data-v-95105a14=\"\"><span class=\"\" data-v-95105a14=\"\">MOD3-10KTL3-XH (Backup)<\/span><\/td>\n<\/tr>\n<tr class=\"\" data-v-95105a14=\"\">\n<td class=\"table-container__first-column\" data-v-95105a14=\"\">Serie AC Leistungsbereich (kW)<\/td>\n<td class=\"table-container__second-column\" data-v-95105a14=\"\"><span class=\"\" data-v-95105a14=\"\">3-10<\/span><\/td>\n<\/tr>\n<tr class=\"\" data-v-95105a14=\"\">\n<td class=\"table-container__first-column\" data-v-95105a14=\"\">Modell Name<\/td>\n<td class=\"table-container__second-column\" data-v-95105a14=\"\"><span class=\"\" data-v-95105a14=\"\">MOD5000TL3-XH Sicherung<\/span><\/td>\n<\/tr>\n<tr class=\"\" data-v-95105a14=\"\">\n<td class=\"table-container__first-column\" data-v-95105a14=\"\">Produktgarantie (Jahre)<\/td>\n<td class=\"table-container__second-column\" data-v-95105a14=\"\"><span class=\"\" data-v-95105a14=\"\">10<\/span><\/td>\n<\/tr>\n<tr class=\"\" data-v-95105a14=\"\">\n<td class=\"table-container__first-column\" data-v-95105a14=\"\">Maximale DC-Leistung (kW)<\/td>\n<td class=\"table-container__second-column\" data-v-95105a14=\"\"><span class=\"\" data-v-95105a14=\"\"><span dir=\"auto\" style=\"vertical-align: inherit;\"><span dir=\"auto\" style=\"vertical-align: inherit;\"><span dir=\"auto\" style=\"vertical-align: inherit;\"><span dir=\"auto\" style=\"vertical-align: inherit;\">10<\/span><\/span><\/span><\/span><\/span><\/td>\n<\/tr>\n<tr class=\"\" data-v-95105a14=\"\">\n<td class=\"table-container__first-column\" data-v-95105a14=\"\">Max. Gleichspannung (V) <\/td>\n<td class=\"table-container__second-column\" data-v-95105a14=\"\"><span class=\"\" data-v-95105a14=\"\">1100<\/span><\/td>\n<\/tr>\n<tr class=\"\" data-v-95105a14=\"\">\n<td class=\"table-container__first-column\" data-v-95105a14=\"\">Max. DC Strom (A) <\/td>\n<td class=\"table-container__second-column\" data-v-95105a14=\"\"><span class=\"\" data-v-95105a14=\"\">16&#215;2<\/span><\/td>\n<\/tr>\n<tr class=\"\" data-v-95105a14=\"\">\n<td class=\"table-container__first-column\" data-v-95105a14=\"\">Strings pro einzelnem MPPT<\/td>\n<td class=\"table-container__second-column\" data-v-95105a14=\"\"><span class=\"\" data-v-95105a14=\"\">1<\/span><\/td>\n<\/tr>\n<tr class=\"\" data-v-95105a14=\"\">\n<td class=\"table-container__first-column\" data-v-95105a14=\"\">Maximale AC-Leistung (kW)<\/td>\n<td class=\"table-container__second-column\" data-v-95105a14=\"\"><span class=\"\" data-v-95105a14=\"\">5.5<\/span><\/td>\n<\/tr>\n<tr class=\"\" data-v-95105a14=\"\">\n<td class=\"table-container__first-column\" data-v-95105a14=\"\">Ausgang AC Spannungsbereich (V)<\/td>\n<td class=\"table-container__second-column\" data-v-95105a14=\"\"><span class=\"\" data-v-95105a14=\"\">340-440<\/span><\/td>\n<\/tr>\n<tr class=\"\" data-v-95105a14=\"\">\n<td class=\"table-container__first-column\" data-v-95105a14=\"\">AC-Nennspannung (V)<\/td>\n<td class=\"table-container__second-column\" data-v-95105a14=\"\"><span class=\"\" data-v-95105a14=\"\">220\/380, 230\/400<\/span><\/td>\n<\/tr>\n<tr class=\"\" data-v-95105a14=\"\">\n<td class=\"table-container__first-column\" data-v-95105a14=\"\">Maximaler AC-Strom (A)<\/td>\n<td class=\"table-container__second-column\" data-v-95105a14=\"\"><span class=\"\" data-v-95105a14=\"\">8.3<\/span><\/td>\n<\/tr>\n<tr class=\"\" data-v-95105a14=\"\">\n<td class=\"table-container__first-column\" data-v-95105a14=\"\">Frequenzbereich (Hz)<\/td>\n<td class=\"table-container__second-column\" data-v-95105a14=\"\"><span class=\"\" data-v-95105a14=\"\">45-55\/55-65<\/span><\/td>\n<\/tr>\n<tr class=\"\" data-v-95105a14=\"\">\n<td class=\"table-container__first-column\" data-v-95105a14=\"\">Frequenz (Hz)<\/td>\n<td class=\"table-container__second-column\" data-v-95105a14=\"\"><span class=\"\" data-v-95105a14=\"\">50\/60<\/span><\/td>\n<\/tr>\n<tr class=\"\" data-v-95105a14=\"\">\n<td class=\"table-container__first-column\" data-v-95105a14=\"\">Maximaler Wirkungsgrad (%)<\/td>\n<td class=\"table-container__second-column\" data-v-95105a14=\"\"><span class=\"\" data-v-95105a14=\"\">98.3<\/span><\/td>\n<\/tr>\n<tr class=\"\" data-v-95105a14=\"\">\n<td class=\"table-container__first-column\" data-v-95105a14=\"\">Euro Wirkungsgrad (%)<\/td>\n<td class=\"table-container__second-column\" data-v-95105a14=\"\"><span class=\"\" data-v-95105a14=\"\">97.5<\/span><\/td>\n<\/tr>\n<tr class=\"\" data-v-95105a14=\"\">\n<td class=\"table-container__first-column\" data-v-95105a14=\"\">Betriebstemperaturbereich (\u00b0C)<\/td>\n<td class=\"table-container__second-column\" data-v-95105a14=\"\"><span class=\"\" data-v-95105a14=\"\">-25-60<\/span><\/td>\n<\/tr>\n<tr class=\"\" data-v-95105a14=\"\">\n<td class=\"table-container__first-column\" data-v-95105a14=\"\">Schutzklasse<\/td>\n<td class=\"table-container__second-column\" data-v-95105a14=\"\"><span class=\"\" data-v-95105a14=\"\">IP66<\/span><\/td>\n<\/tr>\n<tr class=\"\" data-v-95105a14=\"\">\n<td class=\"table-container__first-column\" data-v-95105a14=\"\">Anzeige<\/td>\n<td class=\"table-container__second-column\" data-v-95105a14=\"\"><span class=\"\" data-v-95105a14=\"\"><span dir=\"auto\" style=\"vertical-align: inherit;\"><span dir=\"auto\" style=\"vertical-align: inherit;\"><span dir=\"auto\" style=\"vertical-align: inherit;\"><span dir=\"auto\" style=\"vertical-align: inherit;\">OLED+LED<\/span><\/span><\/span><\/span><\/span><\/td>\n<\/tr>\n<tr class=\"\" data-v-95105a14=\"\">\n<td class=\"table-container__first-column\" data-v-95105a14=\"\">Schutzfunktionen<\/td>\n<td class=\"table-container__second-column\" data-v-95105a14=\"\"><span class=\"\" data-v-95105a14=\"\">Interner \u00dcberspannungsschutz DC-Isolationswiderstandserkennung Netz\u00fcberwachung GFCI-\u00dcberwachung DCI-\u00dcberwachung AC-Kurzschlussstromschutz AC-Erdungserkennung DC-\u00dcberspannungsschutz AC-\u00dcberspannungsschutz Anti-Insell\u00f6sungsschutz AFCI-Schutz<\/span><\/td>\n<\/tr>\n<\/tbody>\n<\/table>\n<\/div>\n<\/div>\n<\/div>\n<\/div>\n<\/div>\n<\/div>\n<div class=\"product-more-container__measurements\">\n<div class=\"offer-measurements-container\" data-v-55577bc2=\"\">\n<div class=\"section-title section-title--accordion\" data-v-9377cc97=\"\" data-v-55577bc2=\"\">\n<div class=\"section-title__accordion\" data-v-9377cc97=\"\">\n<h2 class=\"section-title__text\" data-v-9377cc97=\"\">Messungen<\/h2>\n<div class=\"svg-icon section-title__icon section-title__icon--up\" data-v-9377cc97=\"\"><\/div>\n<\/div>\n<\/div>\n<div class=\"offer-measurements-container__content\" data-v-55577bc2=\"\">\n<div class=\"table-container\" data-v-95105a14=\"\" data-v-55577bc2=\"\">\n<div class=\"v-table v-theme--light v-table--density-default\" data-v-95105a14=\"\">\n<div class=\"v-table__wrapper\">\n<table>\n<tbody data-v-95105a14=\"\">\n<tr class=\"\" data-v-95105a14=\"\">\n<td class=\"table-container__first-column\" data-v-95105a14=\"\">H\u00f6he (mm)<\/td>\n<td class=\"table-container__second-column\" data-v-95105a14=\"\"><span class=\"\" data-v-95105a14=\"\">387<\/span><\/td>\n<\/tr>\n<tr class=\"\" data-v-95105a14=\"\">\n<td class=\"table-container__first-column\" data-v-95105a14=\"\">Breite (mm)<\/td>\n<td class=\"table-container__second-column\" data-v-95105a14=\"\"><span class=\"\" data-v-95105a14=\"\">425<\/span><\/td>\n<\/tr>\n<tr class=\"\" data-v-95105a14=\"\">\n<td class=\"table-container__first-column\" data-v-95105a14=\"\">Tiefe (mm)<\/td>\n<td class=\"table-container__second-column\" data-v-95105a14=\"\"><span class=\"\" data-v-95105a14=\"\">147<\/span><\/td>\n<\/tr>\n<tr class=\"\" data-v-95105a14=\"\">\n<td class=\"table-container__first-column\" data-v-95105a14=\"\">Gewicht (kg)<\/td>\n<td class=\"table-container__second-column\" data-v-95105a14=\"\"><span class=\"\" data-v-95105a14=\"\">12.5<\/span><\/td>\n<\/tr>\n<\/tbody>\n<\/table>\n<\/div>\n<\/div>\n<\/div>\n<\/div>\n<\/div>\n<\/div>\n","protected":false},"featured_media":21996,"comment_status":"open","ping_status":"closed","template":"","meta":{"_acf_changed":false,"content-type":""},"product_brand":[2855],"product_cat":[2809],"product_tag":[],"class_list":{"0":"post-20531","1":"product","2":"type-product","3":"status-publish","4":"has-post-thumbnail","6":"product_brand-growatt-de","7":"product_cat-wechselrichter","9":"first","10":"instock","11":"taxable","12":"shipping-taxable","13":"purchasable","14":"product-type-simple"},"acf":[],"_links":{"self":[{"href":"https:\/\/powersolar.store\/de\/wp-json\/wp\/v2\/product\/20531","targetHints":{"allow":["GET"]}}],"collection":[{"href":"https:\/\/powersolar.store\/de\/wp-json\/wp\/v2\/product"}],"about":[{"href":"https:\/\/powersolar.store\/de\/wp-json\/wp\/v2\/types\/product"}],"replies":[{"embeddable":true,"href":"https:\/\/powersolar.store\/de\/wp-json\/wp\/v2\/comments?post=20531"}],"version-history":[{"count":2,"href":"https:\/\/powersolar.store\/de\/wp-json\/wp\/v2\/product\/20531\/revisions"}],"predecessor-version":[{"id":20543,"href":"https:\/\/powersolar.store\/de\/wp-json\/wp\/v2\/product\/20531\/revisions\/20543"}],"wp:featuredmedia":[{"embeddable":true,"href":"https:\/\/powersolar.store\/de\/wp-json\/wp\/v2\/media\/21996"}],"wp:attachment":[{"href":"https:\/\/powersolar.store\/de\/wp-json\/wp\/v2\/media?parent=20531"}],"wp:term":[{"taxonomy":"product_brand","embeddable":true,"href":"https:\/\/powersolar.store\/de\/wp-json\/wp\/v2\/product_brand?post=20531"},{"taxonomy":"product_cat","embeddable":true,"href":"https:\/\/powersolar.store\/de\/wp-json\/wp\/v2\/product_cat?post=20531"},{"taxonomy":"product_tag","embeddable":true,"href":"https:\/\/powersolar.store\/de\/wp-json\/wp\/v2\/product_tag?post=20531"}],"curies":[{"name":"wp","href":"https:\/\/api.w.org\/{rel}","templated":true}]}}