{"id":20779,"date":"2025-09-10T10:09:33","date_gmt":"2025-09-10T10:09:33","guid":{"rendered":"https:\/\/powersolar.store\/product\/produkt-11\/"},"modified":"2025-09-11T07:09:07","modified_gmt":"2025-09-11T07:09:07","slug":"produkt-11","status":"publish","type":"product","link":"https:\/\/powersolar.store\/de\/product\/produkt-11\/","title":{"rendered":"Growatt SPH 10000TL3 BH-UP"},"content":{"rendered":"<h2 class=\"description__text\">100% dreiphasiger unsymmetrischer Ausgang &#8211; Intelligente Begrenzung des Leistungsexports auf Phasenebene &#8211; Breite Batteriespannung 100-550V &#8211; USV-Funktion, 10ms \u00dcbergang &#8211; Skalierbare Systemkonfiguration &#8211; VPP-Schnittstelle bereit &#8211; DC\/AC Typ II SPD -1.5 DC\/AC Ratio<\/h2>\n","protected":false},"excerpt":{"rendered":"<div class=\"product-more-container__parameters product-more-container__parameters--desktop\">\n<div class=\"parameters-container\" data-v-ac737b03=\"\">\n<div class=\"table-container\" data-v-95105a14=\"\" data-v-ac737b03=\"\">\n<div class=\"v-table v-theme--light v-table--density-default\" data-v-95105a14=\"\">\n<div class=\"v-table__wrapper\">\n<table>\n<tbody data-v-95105a14=\"\">\n<tr class=\"table-container__row\" data-v-95105a14=\"\">\n<td class=\"table-container__first-column\" data-v-95105a14=\"\">Wechselrichter Typ<\/td>\n<td class=\"table-container__second-column\" data-v-95105a14=\"\"><span class=\"\" data-v-95105a14=\"\">Hybrid<\/span><\/td>\n<\/tr>\n<tr class=\"table-container__row\" data-v-95105a14=\"\">\n<td class=\"table-container__first-column\" data-v-95105a14=\"\">MPPT<\/td>\n<td class=\"table-container__second-column\" data-v-95105a14=\"\"><span class=\"\" data-v-95105a14=\"\">2<\/span><\/td>\n<\/tr>\n<tr class=\"table-container__row\" data-v-95105a14=\"\">\n<td class=\"table-container__first-column\" data-v-95105a14=\"\">Wechselrichter Leistung<\/td>\n<td class=\"table-container__second-column\" data-v-95105a14=\"\"><span class=\"\" data-v-95105a14=\"\">10 kW<\/span><\/td>\n<\/tr>\n<tr class=\"table-container__row\" data-v-95105a14=\"\">\n<td class=\"table-container__first-column\" data-v-95105a14=\"\">Anzahl der Phasen<\/td>\n<td class=\"table-container__second-column\" data-v-95105a14=\"\"><span class=\"\" data-v-95105a14=\"\">3<\/span><\/td>\n<\/tr>\n<\/tbody>\n<\/table>\n<\/div>\n<\/div>\n<\/div>\n<\/div>\n<\/div>\n<div class=\"product-more-container__details\">\n<div class=\"offer-details-container\" data-v-dec3445d=\"\">\n<div class=\"section-title section-title--accordion\" data-v-9377cc97=\"\" data-v-dec3445d=\"\">\n<div class=\"section-title__accordion\" data-v-9377cc97=\"\">\n<h2 class=\"section-title__text\" data-v-9377cc97=\"\">Details zum Produkt<\/h2>\n<div class=\"svg-icon section-title__icon section-title__icon--up\" data-v-9377cc97=\"\"><\/div>\n<\/div>\n<\/div>\n<div class=\"offer-details-container__content\" data-v-dec3445d=\"\">\n<div class=\"table-container\" data-v-95105a14=\"\" data-v-dec3445d=\"\">\n<div class=\"v-table v-theme--light v-table--density-default\" data-v-95105a14=\"\">\n<div class=\"v-table__wrapper\">\n<table>\n<tbody data-v-95105a14=\"\">\n<tr class=\"\" data-v-95105a14=\"\">\n<td class=\"table-container__first-column\" data-v-95105a14=\"\">Name der Serie<\/td>\n<td class=\"table-container__second-column\" data-v-95105a14=\"\"><span class=\"\" data-v-95105a14=\"\">SPH 4000-10000TL3 BRA-UP<\/span><\/td>\n<\/tr>\n<tr class=\"\" data-v-95105a14=\"\">\n<td class=\"table-container__first-column\" data-v-95105a14=\"\">Serie AC Leistungsbereich (kW)<\/td>\n<td class=\"table-container__second-column\" data-v-95105a14=\"\"><span class=\"\" data-v-95105a14=\"\">4-10<\/span><\/td>\n<\/tr>\n<tr class=\"\" data-v-95105a14=\"\">\n<td class=\"table-container__first-column\" data-v-95105a14=\"\">Name des Modells<\/td>\n<td class=\"table-container__second-column\" data-v-95105a14=\"\"><span class=\"\" data-v-95105a14=\"\">SPH 10000TL3 BH-UP<\/span><\/td>\n<\/tr>\n<tr class=\"\" data-v-95105a14=\"\">\n<td class=\"table-container__first-column\" data-v-95105a14=\"\">Produktgarantie (Jahre)<\/td>\n<td class=\"table-container__second-column\" data-v-95105a14=\"\"><span class=\"\" data-v-95105a14=\"\">5<\/span><\/td>\n<\/tr>\n<tr class=\"\" data-v-95105a14=\"\">\n<td class=\"table-container__first-column\" data-v-95105a14=\"\">Maximale DC-Leistung (kW)<\/td>\n<td class=\"table-container__second-column\" data-v-95105a14=\"\"><span class=\"\" data-v-95105a14=\"\">15<\/span><\/td>\n<\/tr>\n<tr class=\"\" data-v-95105a14=\"\">\n<td class=\"table-container__first-column\" data-v-95105a14=\"\">Max. Gleichspannung (V) <\/td>\n<td class=\"table-container__second-column\" data-v-95105a14=\"\"><span class=\"\" data-v-95105a14=\"\">1000<\/span><\/td>\n<\/tr>\n<tr class=\"\" data-v-95105a14=\"\">\n<td class=\"table-container__first-column\" data-v-95105a14=\"\">Max. DC Strom (A) <\/td>\n<td class=\"table-container__second-column\" data-v-95105a14=\"\"><span class=\"\" data-v-95105a14=\"\">27<\/span><\/td>\n<\/tr>\n<tr class=\"\" data-v-95105a14=\"\">\n<td class=\"table-container__first-column\" data-v-95105a14=\"\">Strings pro einzelnem MPPT<\/td>\n<td class=\"table-container__second-column\" data-v-95105a14=\"\"><span class=\"\" data-v-95105a14=\"\">1<\/span><\/td>\n<\/tr>\n<tr class=\"\" data-v-95105a14=\"\">\n<td class=\"table-container__first-column\" data-v-95105a14=\"\">DC-Eing\u00e4nge<\/td>\n<td class=\"table-container__second-column\" data-v-95105a14=\"\"><span class=\"\" data-v-95105a14=\"\">2<\/span><\/td>\n<\/tr>\n<tr class=\"\" data-v-95105a14=\"\">\n<td class=\"table-container__first-column\" data-v-95105a14=\"\">Steckverbinder<\/td>\n<td class=\"table-container__second-column\" data-v-95105a14=\"\"><span class=\"\" data-v-95105a14=\"\">MC4<\/span><\/td>\n<\/tr>\n<tr class=\"\" data-v-95105a14=\"\">\n<td class=\"table-container__first-column\" data-v-95105a14=\"\">Maximale AC-Leistung (kW)<\/td>\n<td class=\"table-container__second-column\" data-v-95105a14=\"\"><span class=\"\" data-v-95105a14=\"\">10<\/span><\/td>\n<\/tr>\n<tr class=\"\" data-v-95105a14=\"\">\n<td class=\"table-container__first-column\" data-v-95105a14=\"\">Ausgang AC Spannungsbereich (V)<\/td>\n<td class=\"table-container__second-column\" data-v-95105a14=\"\"><span class=\"\" data-v-95105a14=\"\">310-476<\/span><\/td>\n<\/tr>\n<tr class=\"\" data-v-95105a14=\"\">\n<td class=\"table-container__first-column\" data-v-95105a14=\"\">AC-Nennspannung (V)<\/td>\n<td class=\"table-container__second-column\" data-v-95105a14=\"\"><span class=\"\" data-v-95105a14=\"\">230\/400<\/span><\/td>\n<\/tr>\n<tr class=\"\" data-v-95105a14=\"\">\n<td class=\"table-container__first-column\" data-v-95105a14=\"\">Maximaler AC-Strom (A)<\/td>\n<td class=\"table-container__second-column\" data-v-95105a14=\"\"><span class=\"\" data-v-95105a14=\"\">15.2<\/span><\/td>\n<\/tr>\n<tr class=\"\" data-v-95105a14=\"\">\n<td class=\"table-container__first-column\" data-v-95105a14=\"\">Frequenzbereich (Hz)<\/td>\n<td class=\"table-container__second-column\" data-v-95105a14=\"\"><span class=\"\" data-v-95105a14=\"\">45-55\/55-65<\/span><\/td>\n<\/tr>\n<tr class=\"\" data-v-95105a14=\"\">\n<td class=\"table-container__first-column\" data-v-95105a14=\"\">Frequenz (Hz)<\/td>\n<td class=\"table-container__second-column\" data-v-95105a14=\"\"><span class=\"\" data-v-95105a14=\"\">50\/60<\/span><\/td>\n<\/tr>\n<tr class=\"\" data-v-95105a14=\"\">\n<td class=\"table-container__first-column\" data-v-95105a14=\"\">Leistungsfaktor<\/td>\n<td class=\"table-container__second-column\" data-v-95105a14=\"\"><span class=\"\" data-v-95105a14=\"\">0,8 voreilend &#8211; 0,8 nacheilend<\/span><\/td>\n<\/tr>\n<tr class=\"\" data-v-95105a14=\"\">\n<td class=\"table-container__first-column\" data-v-95105a14=\"\">Maximaler Wirkungsgrad (%)<\/td>\n<td class=\"table-container__second-column\" data-v-95105a14=\"\"><span class=\"\" data-v-95105a14=\"\">98.2<\/span><\/td>\n<\/tr>\n<tr class=\"\" data-v-95105a14=\"\">\n<td class=\"table-container__first-column\" data-v-95105a14=\"\">Euro Wirkungsgrad (%)<\/td>\n<td class=\"table-container__second-column\" data-v-95105a14=\"\"><span class=\"\" data-v-95105a14=\"\">97.4<\/span><\/td>\n<\/tr>\n<tr class=\"\" data-v-95105a14=\"\">\n<td class=\"table-container__first-column\" data-v-95105a14=\"\">Betriebstemperaturbereich (\u00b0C)<\/td>\n<td class=\"table-container__second-column\" data-v-95105a14=\"\"><span class=\"\" data-v-95105a14=\"\">-25 ~ +60<\/span><\/td>\n<\/tr>\n<tr class=\"\" data-v-95105a14=\"\">\n<td class=\"table-container__first-column\" data-v-95105a14=\"\">Schutzklasse<\/td>\n<td class=\"table-container__second-column\" data-v-95105a14=\"\"><span class=\"\" data-v-95105a14=\"\">IP65<\/span><\/td>\n<\/tr>\n<tr class=\"\" data-v-95105a14=\"\">\n<td class=\"table-container__first-column\" data-v-95105a14=\"\">Anzeige<\/td>\n<td class=\"table-container__second-column\" data-v-95105a14=\"\"><span class=\"\" data-v-95105a14=\"\">LCD,LED<\/span><\/td>\n<\/tr>\n<tr class=\"\" data-v-95105a14=\"\">\n<td class=\"table-container__first-column\" data-v-95105a14=\"\">Schutzfunktionen<\/td>\n<td class=\"table-container__second-column\" data-v-95105a14=\"\"><span class=\"\" data-v-95105a14=\"\">Anti-Insel-Schutz (ENS), Kurzschlussschutz, Fehlerstromschutzschalter (RCD), Verpolungsschutz, \u00dcberspannungsschutz, Erdschluss\u00fcberwachung, Netz\u00fcberwachung<\/span><\/td>\n<\/tr>\n<\/tbody>\n<\/table>\n<\/div>\n<\/div>\n<\/div>\n<\/div>\n<\/div>\n<\/div>\n","protected":false},"featured_media":21037,"comment_status":"open","ping_status":"closed","template":"","meta":{"_acf_changed":false,"content-type":""},"product_brand":[2855],"product_cat":[2809],"product_tag":[],"class_list":{"0":"post-20779","1":"product","2":"type-product","3":"status-publish","4":"has-post-thumbnail","6":"product_brand-growatt-de","7":"product_cat-wechselrichter","9":"first","10":"instock","11":"taxable","12":"shipping-taxable","13":"purchasable","14":"product-type-simple"},"acf":[],"_links":{"self":[{"href":"https:\/\/powersolar.store\/de\/wp-json\/wp\/v2\/product\/20779","targetHints":{"allow":["GET"]}}],"collection":[{"href":"https:\/\/powersolar.store\/de\/wp-json\/wp\/v2\/product"}],"about":[{"href":"https:\/\/powersolar.store\/de\/wp-json\/wp\/v2\/types\/product"}],"replies":[{"embeddable":true,"href":"https:\/\/powersolar.store\/de\/wp-json\/wp\/v2\/comments?post=20779"}],"version-history":[{"count":1,"href":"https:\/\/powersolar.store\/de\/wp-json\/wp\/v2\/product\/20779\/revisions"}],"predecessor-version":[{"id":21235,"href":"https:\/\/powersolar.store\/de\/wp-json\/wp\/v2\/product\/20779\/revisions\/21235"}],"wp:featuredmedia":[{"embeddable":true,"href":"https:\/\/powersolar.store\/de\/wp-json\/wp\/v2\/media\/21037"}],"wp:attachment":[{"href":"https:\/\/powersolar.store\/de\/wp-json\/wp\/v2\/media?parent=20779"}],"wp:term":[{"taxonomy":"product_brand","embeddable":true,"href":"https:\/\/powersolar.store\/de\/wp-json\/wp\/v2\/product_brand?post=20779"},{"taxonomy":"product_cat","embeddable":true,"href":"https:\/\/powersolar.store\/de\/wp-json\/wp\/v2\/product_cat?post=20779"},{"taxonomy":"product_tag","embeddable":true,"href":"https:\/\/powersolar.store\/de\/wp-json\/wp\/v2\/product_tag?post=20779"}],"curies":[{"name":"wp","href":"https:\/\/api.w.org\/{rel}","templated":true}]}}