{"id":20782,"date":"2025-09-10T10:09:32","date_gmt":"2025-09-10T10:09:32","guid":{"rendered":"https:\/\/powersolar.store\/product\/produkt-12\/"},"modified":"2025-09-11T09:54:30","modified_gmt":"2025-09-11T09:54:30","slug":"produkt-12","status":"publish","type":"product","link":"https:\/\/powersolar.store\/de\/product\/produkt-12\/","title":{"rendered":"Growatt SPF 6000 ES Plus"},"content":{"rendered":"<h2 class=\"description__text\">Plug-and-Play-Terminal f\u00fcr den PV-Anschluss &#8211; Zwei MPP-Tracker &#8211; Maximale PV-Eingangsspannung bis zu 500 VDC &#8211; Konfigurierbare Netz- oder Solar-Eingangspriorit\u00e4t &#8211; Parallel f\u00fcr Skalierbarkeit &#8211; Staubschutzfilter f\u00fcr raue Umgebungen &#8211; Zwei AC-Eingangsklemmen mit integriertem Umschalter<\/h2>\n","protected":false},"excerpt":{"rendered":"<div class=\"product-more-container__parameters product-more-container__parameters--desktop\">\n<div class=\"parameters-container\" data-v-ac737b03=\"\">\n<div class=\"table-container\" data-v-95105a14=\"\" data-v-ac737b03=\"\">\n<div class=\"v-table v-theme--light v-table--density-default\" data-v-95105a14=\"\">\n<div class=\"v-table__wrapper\">\n<table>\n<tbody data-v-95105a14=\"\">\n<tr class=\"table-container__row\" data-v-95105a14=\"\">\n<td class=\"table-container__first-column\" data-v-95105a14=\"\">Wechselrichter Typ<\/td>\n<td class=\"table-container__second-column\" data-v-95105a14=\"\"><span class=\"\" data-v-95105a14=\"\">Netzunabh\u00e4ngig<\/span><\/td>\n<\/tr>\n<tr class=\"table-container__row\" data-v-95105a14=\"\">\n<td class=\"table-container__first-column\" data-v-95105a14=\"\">MPPT<\/td>\n<td class=\"table-container__second-column\" data-v-95105a14=\"\"><span class=\"\" data-v-95105a14=\"\">2<\/span><\/td>\n<\/tr>\n<tr class=\"table-container__row\" data-v-95105a14=\"\">\n<td class=\"table-container__first-column\" data-v-95105a14=\"\">Wechselrichter Leistung<\/td>\n<td class=\"table-container__second-column\" data-v-95105a14=\"\"><span class=\"\" data-v-95105a14=\"\">6 kW<\/span><\/td>\n<\/tr>\n<tr class=\"table-container__row\" data-v-95105a14=\"\">\n<td class=\"table-container__first-column\" data-v-95105a14=\"\">Anzahl der Phasen<\/td>\n<td class=\"table-container__second-column\" data-v-95105a14=\"\"><span class=\"\" data-v-95105a14=\"\">1<\/span><\/td>\n<\/tr>\n<\/tbody>\n<\/table>\n<\/div>\n<\/div>\n<\/div>\n<\/div>\n<\/div>\n<div class=\"product-more-container__details\">\n<div class=\"offer-details-container\" data-v-dec3445d=\"\">\n<div class=\"section-title section-title--accordion\" data-v-9377cc97=\"\" data-v-dec3445d=\"\">\n<div class=\"section-title__accordion\" data-v-9377cc97=\"\">\n<h2 class=\"section-title__text\" data-v-9377cc97=\"\">Details zum Produkt<\/h2>\n<div class=\"svg-icon section-title__icon section-title__icon--up\" data-v-9377cc97=\"\"><\/div>\n<\/div>\n<\/div>\n<div class=\"offer-details-container__content\" data-v-dec3445d=\"\">\n<div class=\"table-container\" data-v-95105a14=\"\" data-v-dec3445d=\"\">\n<div class=\"v-table v-theme--light v-table--density-default\" data-v-95105a14=\"\">\n<div class=\"v-table__wrapper\">\n<table>\n<tbody data-v-95105a14=\"\">\n<tr class=\"\" data-v-95105a14=\"\">\n<td class=\"table-container__first-column\" data-v-95105a14=\"\">Name der Serie<\/td>\n<td class=\"table-container__second-column\" data-v-95105a14=\"\"><span class=\"\" data-v-95105a14=\"\"><span dir=\"auto\" style=\"vertical-align: inherit;\"><span dir=\"auto\" style=\"vertical-align: inherit;\">SPF 6000 ES Plus<\/span><\/span><\/span><\/td>\n<\/tr>\n<tr class=\"\" data-v-95105a14=\"\">\n<td class=\"table-container__first-column\" data-v-95105a14=\"\">Serie AC Leistungsbereich (kW)<\/td>\n<td class=\"table-container__second-column\" data-v-95105a14=\"\"><span class=\"\" data-v-95105a14=\"\">6<\/span><\/td>\n<\/tr>\n<tr class=\"\" data-v-95105a14=\"\">\n<td class=\"table-container__first-column\" data-v-95105a14=\"\">Name des Modells<\/td>\n<td class=\"table-container__second-column\" data-v-95105a14=\"\"><span class=\"\" data-v-95105a14=\"\"><span dir=\"auto\" style=\"vertical-align: inherit;\"><span dir=\"auto\" style=\"vertical-align: inherit;\">SPF 6000 ES Plus<\/span><\/span><\/span><\/td>\n<\/tr>\n<tr class=\"\" data-v-95105a14=\"\">\n<td class=\"table-container__first-column\" data-v-95105a14=\"\">Produktgarantie (Jahre)<\/td>\n<td class=\"table-container__second-column\" data-v-95105a14=\"\"><span class=\"\" data-v-95105a14=\"\">10<\/span><\/td>\n<\/tr>\n<tr class=\"\" data-v-95105a14=\"\">\n<td class=\"table-container__first-column\" data-v-95105a14=\"\">Maximale DC-Leistung (kW)<\/td>\n<td class=\"table-container__second-column\" data-v-95105a14=\"\"><span class=\"\" data-v-95105a14=\"\">8<\/span><\/td>\n<\/tr>\n<tr class=\"\" data-v-95105a14=\"\">\n<td class=\"table-container__first-column\" data-v-95105a14=\"\">Max. Gleichspannung (V) <\/td>\n<td class=\"table-container__second-column\" data-v-95105a14=\"\"><span class=\"\" data-v-95105a14=\"\">450<\/span><\/td>\n<\/tr>\n<tr class=\"\" data-v-95105a14=\"\">\n<td class=\"table-container__first-column\" data-v-95105a14=\"\">Max. DC Strom (A) <\/td>\n<td class=\"table-container__second-column\" data-v-95105a14=\"\"><span class=\"\" data-v-95105a14=\"\">16<\/span><\/td>\n<\/tr>\n<tr class=\"\" data-v-95105a14=\"\">\n<td class=\"table-container__first-column\" data-v-95105a14=\"\">Strings pro einzelnem MPPT<\/td>\n<td class=\"table-container__second-column\" data-v-95105a14=\"\"><span class=\"\" data-v-95105a14=\"\"><span dir=\"auto\" style=\"vertical-align: inherit;\"><span dir=\"auto\" style=\"vertical-align: inherit;\">1<\/span><\/span><\/span><\/td>\n<\/tr>\n<tr class=\"\" data-v-95105a14=\"\">\n<td class=\"table-container__first-column\" data-v-95105a14=\"\">Ausgang AC Spannungsbereich (V)<\/td>\n<td class=\"table-container__second-column\" data-v-95105a14=\"\"><span class=\"\" data-v-95105a14=\"\">230 \u00b1 5%<\/span><\/td>\n<\/tr>\n<tr class=\"\" data-v-95105a14=\"\">\n<td class=\"table-container__first-column\" data-v-95105a14=\"\">Nominale AC-Spannung (V)<\/td>\n<td class=\"table-container__second-column\" data-v-95105a14=\"\"><span class=\"\" data-v-95105a14=\"\">170-280\/90-280<\/span><\/td>\n<\/tr>\n<tr class=\"\" data-v-95105a14=\"\">\n<td class=\"table-container__first-column\" data-v-95105a14=\"\">Maximaler AC-Strom (A)<\/td>\n<td class=\"table-container__second-column\" data-v-95105a14=\"\"><span class=\"\" data-v-95105a14=\"\">80<\/span><\/td>\n<\/tr>\n<tr class=\"\" data-v-95105a14=\"\">\n<td class=\"table-container__first-column\" data-v-95105a14=\"\">Frequenz (Hz)<\/td>\n<td class=\"table-container__second-column\" data-v-95105a14=\"\"><span class=\"\" data-v-95105a14=\"\">50\/60<\/span><\/td>\n<\/tr>\n<tr class=\"\" data-v-95105a14=\"\">\n<td class=\"table-container__first-column\" data-v-95105a14=\"\">Maximaler Wirkungsgrad (%)<\/td>\n<td class=\"table-container__second-column\" data-v-95105a14=\"\"><span class=\"\" data-v-95105a14=\"\">93<\/span><\/td>\n<\/tr>\n<tr class=\"\" data-v-95105a14=\"\">\n<td class=\"table-container__first-column\" data-v-95105a14=\"\">Betriebstemperaturbereich (\u00b0C)<\/td>\n<td class=\"table-container__second-column\" data-v-95105a14=\"\"><span class=\"\" data-v-95105a14=\"\">0 &#8211; 55<\/span><\/td>\n<\/tr>\n<tr class=\"\" data-v-95105a14=\"\">\n<td class=\"table-container__first-column\" data-v-95105a14=\"\">Schutzklasse<\/td>\n<td class=\"table-container__second-column\" data-v-95105a14=\"\"><span class=\"\" data-v-95105a14=\"\">IP20<\/span><\/td>\n<\/tr>\n<\/tbody>\n<\/table>\n<\/div>\n<\/div>\n<\/div>\n<\/div>\n<\/div>\n<\/div>\n","protected":false},"featured_media":21259,"comment_status":"open","ping_status":"closed","template":"","meta":{"_acf_changed":false,"content-type":""},"product_brand":[2855],"product_cat":[2837,2809],"product_tag":[],"class_list":{"0":"post-20782","1":"product","2":"type-product","3":"status-publish","4":"has-post-thumbnail","6":"product_brand-growatt-de","7":"product_cat-uncategorized-de","8":"product_cat-wechselrichter","10":"first","11":"instock","12":"taxable","13":"shipping-taxable","14":"purchasable","15":"product-type-simple"},"acf":[],"_links":{"self":[{"href":"https:\/\/powersolar.store\/de\/wp-json\/wp\/v2\/product\/20782","targetHints":{"allow":["GET"]}}],"collection":[{"href":"https:\/\/powersolar.store\/de\/wp-json\/wp\/v2\/product"}],"about":[{"href":"https:\/\/powersolar.store\/de\/wp-json\/wp\/v2\/types\/product"}],"replies":[{"embeddable":true,"href":"https:\/\/powersolar.store\/de\/wp-json\/wp\/v2\/comments?post=20782"}],"version-history":[{"count":1,"href":"https:\/\/powersolar.store\/de\/wp-json\/wp\/v2\/product\/20782\/revisions"}],"predecessor-version":[{"id":21261,"href":"https:\/\/powersolar.store\/de\/wp-json\/wp\/v2\/product\/20782\/revisions\/21261"}],"wp:featuredmedia":[{"embeddable":true,"href":"https:\/\/powersolar.store\/de\/wp-json\/wp\/v2\/media\/21259"}],"wp:attachment":[{"href":"https:\/\/powersolar.store\/de\/wp-json\/wp\/v2\/media?parent=20782"}],"wp:term":[{"taxonomy":"product_brand","embeddable":true,"href":"https:\/\/powersolar.store\/de\/wp-json\/wp\/v2\/product_brand?post=20782"},{"taxonomy":"product_cat","embeddable":true,"href":"https:\/\/powersolar.store\/de\/wp-json\/wp\/v2\/product_cat?post=20782"},{"taxonomy":"product_tag","embeddable":true,"href":"https:\/\/powersolar.store\/de\/wp-json\/wp\/v2\/product_tag?post=20782"}],"curies":[{"name":"wp","href":"https:\/\/api.w.org\/{rel}","templated":true}]}}