{"id":20787,"date":"2025-09-10T10:09:32","date_gmt":"2025-09-10T10:09:32","guid":{"rendered":"https:\/\/powersolar.store\/product\/produkt-15\/"},"modified":"2025-09-11T10:18:47","modified_gmt":"2025-09-11T10:18:47","slug":"produkt-15","status":"publish","type":"product","link":"https:\/\/powersolar.store\/de\/product\/produkt-15\/","title":{"rendered":"LUXPOWER SNA6000W"},"content":{"rendered":"<div class=\"product-more-container__description\">\n<div class=\"description\">\n<div class=\"description-container\">\n<div class=\"test\">\n<div class=\"description__content description__content--mobile\">\n<div class=\"description__main description__main--full-height\">\n<h2 class=\"description__text\">Intelligente netzunabh\u00e4ngige &amp; hybride Modi Netzunabh\u00e4ngige Umschaltung Gro\u00dfer PV-Eingangsspannungsbereich Gro\u00dfe Batteriekompatibilit\u00e4t Einphasig\/unsymmetrisch 3-Phasig Unterst\u00fctzung von bis zu 16 St\u00fcck parallel -Host-Wechselrichter wird automatisch erzeugt, um das gesamte System zu verwalten Separater Generatoranschluss verf\u00fcgbar<\/h2>\n<\/div>\n<\/div>\n<\/div>\n<\/div>\n<\/div>\n<\/div>\n<div class=\"product-more-container__measurements\">\n<div class=\"offer-measurements-container\" data-v-55577bc2=\"\">\n<div class=\"section-title section-title--accordion\" data-v-9377cc97=\"\" data-v-55577bc2=\"\">\n<div class=\"section-title__accordion\" data-v-9377cc97=\"\"><\/div>\n<\/div>\n<\/div>\n<\/div>\n","protected":false},"excerpt":{"rendered":"<div class=\"product-more-container__parameters product-more-container__parameters--desktop\">\n<div class=\"parameters-container\" data-v-ac737b03=\"\">\n<div class=\"table-container\" data-v-95105a14=\"\" data-v-ac737b03=\"\">\n<div class=\"v-table v-theme--light v-table--density-default\" data-v-95105a14=\"\">\n<div class=\"v-table__wrapper\">\n<table>\n<tbody data-v-95105a14=\"\">\n<tr class=\"table-container__row\" data-v-95105a14=\"\">\n<td class=\"table-container__first-column\" data-v-95105a14=\"\">Wechselrichter Typ<\/td>\n<td class=\"table-container__second-column\" data-v-95105a14=\"\"><span class=\"\" data-v-95105a14=\"\">Hybrid<\/span><\/td>\n<\/tr>\n<tr class=\"table-container__row\" data-v-95105a14=\"\">\n<td class=\"table-container__first-column\" data-v-95105a14=\"\">MPPT<\/td>\n<td class=\"table-container__second-column\" data-v-95105a14=\"\"><span class=\"\" data-v-95105a14=\"\">2<\/span><\/td>\n<\/tr>\n<tr class=\"table-container__row\" data-v-95105a14=\"\">\n<td class=\"table-container__first-column\" data-v-95105a14=\"\">Leistung des Wechselrichters<\/td>\n<td class=\"table-container__second-column\" data-v-95105a14=\"\"><span class=\"\" data-v-95105a14=\"\">9 kW<\/span><\/td>\n<\/tr>\n<tr class=\"table-container__row\" data-v-95105a14=\"\">\n<td class=\"table-container__first-column\" data-v-95105a14=\"\">Anzahl der Phasen<\/td>\n<td class=\"table-container__second-column\" data-v-95105a14=\"\"><span class=\"\" data-v-95105a14=\"\">1<\/span><\/td>\n<\/tr>\n<\/tbody>\n<\/table>\n<\/div>\n<\/div>\n<\/div>\n<\/div>\n<\/div>\n<div class=\"product-more-container__details\">\n<div class=\"offer-details-container\" data-v-dec3445d=\"\">\n<div class=\"section-title section-title--accordion\" data-v-9377cc97=\"\" data-v-dec3445d=\"\">\n<div class=\"section-title__accordion\" data-v-9377cc97=\"\">\n<h2 class=\"section-title__text\" data-v-9377cc97=\"\">Details zum Produkt<\/h2>\n<div class=\"svg-icon section-title__icon section-title__icon--up\" data-v-9377cc97=\"\"><\/div>\n<\/div>\n<\/div>\n<div class=\"offer-details-container__content\" data-v-dec3445d=\"\">\n<div class=\"table-container\" data-v-95105a14=\"\" data-v-dec3445d=\"\">\n<div class=\"v-table v-theme--light v-table--density-default\" data-v-95105a14=\"\">\n<div class=\"v-table__wrapper\">\n<table>\n<tbody data-v-95105a14=\"\">\n<tr class=\"\" data-v-95105a14=\"\">\n<td class=\"table-container__first-column\" data-v-95105a14=\"\">Name der Serie<\/td>\n<td class=\"table-container__second-column\" data-v-95105a14=\"\"><span class=\"\" data-v-95105a14=\"\">SNA3-6k<\/span><\/td>\n<\/tr>\n<tr class=\"\" data-v-95105a14=\"\">\n<td class=\"table-container__first-column\" data-v-95105a14=\"\">Serie AC Leistungsbereich (kW)<\/td>\n<td class=\"table-container__second-column\" data-v-95105a14=\"\"><span class=\"\" data-v-95105a14=\"\">3-6<\/span><\/td>\n<\/tr>\n<tr class=\"\" data-v-95105a14=\"\">\n<td class=\"table-container__first-column\" data-v-95105a14=\"\">Modell Name<\/td>\n<td class=\"table-container__second-column\" data-v-95105a14=\"\"><span class=\"\" data-v-95105a14=\"\">SNA6000W<\/span><\/td>\n<\/tr>\n<tr class=\"\" data-v-95105a14=\"\">\n<td class=\"table-container__first-column\" data-v-95105a14=\"\">Produktgarantie (Jahre)<\/td>\n<td class=\"table-container__second-column\" data-v-95105a14=\"\"><span class=\"\" data-v-95105a14=\"\">2<\/span><\/td>\n<\/tr>\n<tr class=\"\" data-v-95105a14=\"\">\n<td class=\"table-container__first-column\" data-v-95105a14=\"\">Maximale DC-Leistung (kW)<\/td>\n<td class=\"table-container__second-column\" data-v-95105a14=\"\"><span class=\"\" data-v-95105a14=\"\">8<\/span><\/td>\n<\/tr>\n<tr class=\"\" data-v-95105a14=\"\">\n<td class=\"table-container__first-column\" data-v-95105a14=\"\">Max. Gleichspannung (V) <\/td>\n<td class=\"table-container__second-column\" data-v-95105a14=\"\"><span class=\"\" data-v-95105a14=\"\">320<\/span><\/td>\n<\/tr>\n<tr class=\"\" data-v-95105a14=\"\">\n<td class=\"table-container__first-column\" data-v-95105a14=\"\">Max. DC Strom (A) <\/td>\n<td class=\"table-container__second-column\" data-v-95105a14=\"\"><span class=\"\" data-v-95105a14=\"\">17\/17<\/span><\/td>\n<\/tr>\n<tr class=\"\" data-v-95105a14=\"\">\n<td class=\"table-container__first-column\" data-v-95105a14=\"\">AC-Nennspannung (V)<\/td>\n<td class=\"table-container__second-column\" data-v-95105a14=\"\"><span class=\"\" data-v-95105a14=\"\">230<\/span><\/td>\n<\/tr>\n<tr class=\"\" data-v-95105a14=\"\">\n<td class=\"table-container__first-column\" data-v-95105a14=\"\">Maximaler AC-Strom (A)<\/td>\n<td class=\"table-container__second-column\" data-v-95105a14=\"\"><span class=\"\" data-v-95105a14=\"\">39.5<\/span><\/td>\n<\/tr>\n<tr class=\"\" data-v-95105a14=\"\">\n<td class=\"table-container__first-column\" data-v-95105a14=\"\">AC-Nennstrom (A)<\/td>\n<td class=\"table-container__second-column\" data-v-95105a14=\"\"><span class=\"\" data-v-95105a14=\"\">26.5<\/span><\/td>\n<\/tr>\n<tr class=\"\" data-v-95105a14=\"\">\n<td class=\"table-container__first-column\" data-v-95105a14=\"\">Frequenz (Hz)<\/td>\n<td class=\"table-container__second-column\" data-v-95105a14=\"\"><span class=\"\" data-v-95105a14=\"\">50\/60<\/span><\/td>\n<\/tr>\n<tr class=\"\" data-v-95105a14=\"\">\n<td class=\"table-container__first-column\" data-v-95105a14=\"\">Leistungsfaktor<\/td>\n<td class=\"table-container__second-column\" data-v-95105a14=\"\"><span class=\"\" data-v-95105a14=\"\">1<\/span><\/td>\n<\/tr>\n<tr class=\"\" data-v-95105a14=\"\">\n<td class=\"table-container__first-column\" data-v-95105a14=\"\">Maximaler Wirkungsgrad (%)<\/td>\n<td class=\"table-container__second-column\" data-v-95105a14=\"\"><span class=\"\" data-v-95105a14=\"\">93<\/span><\/td>\n<\/tr>\n<tr class=\"\" data-v-95105a14=\"\">\n<td class=\"table-container__first-column\" data-v-95105a14=\"\">Betriebstemperaturbereich (\u00b0C)<\/td>\n<td class=\"table-container__second-column\" data-v-95105a14=\"\"><span class=\"\" data-v-95105a14=\"\">-15 ~ +60<\/span><\/td>\n<\/tr>\n<tr class=\"\" data-v-95105a14=\"\">\n<td class=\"table-container__first-column\" data-v-95105a14=\"\">Schutzklasse<\/td>\n<td class=\"table-container__second-column\" data-v-95105a14=\"\"><span class=\"\" data-v-95105a14=\"\">IP20<\/span><\/td>\n<\/tr>\n<tr class=\"\" data-v-95105a14=\"\">\n<td class=\"table-container__first-column\" data-v-95105a14=\"\">Anzeige<\/td>\n<td class=\"table-container__second-column\" data-v-95105a14=\"\"><span class=\"\" data-v-95105a14=\"\">LCD\/LED<\/span><\/td>\n<\/tr>\n<tr class=\"\" data-v-95105a14=\"\">\n<td class=\"table-container__first-column\" data-v-95105a14=\"\">Schutzfunktionen<\/td>\n<td class=\"table-container__second-column\" data-v-95105a14=\"\"><span class=\"\" data-v-95105a14=\"\">\u00dcberstrom-\/Spannungsschutz AC Kurzschlussstromschutz Netz\u00fcberwachung AC \u00dcberspannungsschutz Typ III Batterieverpolungsschutz<\/span><\/td>\n<\/tr>\n<\/tbody>\n<\/table>\n<\/div>\n<\/div>\n<\/div>\n<\/div>\n<\/div>\n<\/div>\n","protected":false},"featured_media":21268,"comment_status":"open","ping_status":"closed","template":"","meta":{"_acf_changed":false,"content-type":""},"product_brand":[],"product_cat":[2837,2809],"product_tag":[],"class_list":{"0":"post-20787","1":"product","2":"type-product","3":"status-publish","4":"has-post-thumbnail","6":"product_cat-uncategorized-de","7":"product_cat-wechselrichter","9":"first","10":"instock","11":"taxable","12":"shipping-taxable","13":"purchasable","14":"product-type-simple"},"acf":[],"_links":{"self":[{"href":"https:\/\/powersolar.store\/de\/wp-json\/wp\/v2\/product\/20787","targetHints":{"allow":["GET"]}}],"collection":[{"href":"https:\/\/powersolar.store\/de\/wp-json\/wp\/v2\/product"}],"about":[{"href":"https:\/\/powersolar.store\/de\/wp-json\/wp\/v2\/types\/product"}],"replies":[{"embeddable":true,"href":"https:\/\/powersolar.store\/de\/wp-json\/wp\/v2\/comments?post=20787"}],"version-history":[{"count":1,"href":"https:\/\/powersolar.store\/de\/wp-json\/wp\/v2\/product\/20787\/revisions"}],"predecessor-version":[{"id":21270,"href":"https:\/\/powersolar.store\/de\/wp-json\/wp\/v2\/product\/20787\/revisions\/21270"}],"wp:featuredmedia":[{"embeddable":true,"href":"https:\/\/powersolar.store\/de\/wp-json\/wp\/v2\/media\/21268"}],"wp:attachment":[{"href":"https:\/\/powersolar.store\/de\/wp-json\/wp\/v2\/media?parent=20787"}],"wp:term":[{"taxonomy":"product_brand","embeddable":true,"href":"https:\/\/powersolar.store\/de\/wp-json\/wp\/v2\/product_brand?post=20787"},{"taxonomy":"product_cat","embeddable":true,"href":"https:\/\/powersolar.store\/de\/wp-json\/wp\/v2\/product_cat?post=20787"},{"taxonomy":"product_tag","embeddable":true,"href":"https:\/\/powersolar.store\/de\/wp-json\/wp\/v2\/product_tag?post=20787"}],"curies":[{"name":"wp","href":"https:\/\/api.w.org\/{rel}","templated":true}]}}