{"id":21872,"date":"2025-10-16T10:57:34","date_gmt":"2025-10-16T08:57:34","guid":{"rendered":"https:\/\/powersolar.store\/product\/growatt-mod-6000tl3-xh-bp\/"},"modified":"2026-03-16T06:15:55","modified_gmt":"2026-03-16T05:15:55","slug":"growatt-mod-6000tl3-xh-bp","status":"publish","type":"product","link":"https:\/\/powersolar.store\/de\/product\/growatt-mod-6000tl3-xh-bp\/","title":{"rendered":"Growatt MOD 10KTL3-XH BP"},"content":{"rendered":"<article class=\"text-token-text-primary w-full focus:outline-none [--shadow-height:45px] has-data-writing-block:pointer-events-none has-data-writing-block:-mt-(--shadow-height) has-data-writing-block:pt-(--shadow-height) [&amp;:has([data-writing-block])&gt;*]:pointer-events-auto [content-visibility:auto] supports-[content-visibility:auto]:[contain-intrinsic-size:auto_100lvh] scroll-mt-[calc(var(--header-height)+min(200px,max(70px,20svh)))]\" dir=\"auto\" tabindex=\"-1\" data-turn-id=\"request-WEB:8c102ed5-0ec0-4674-8376-b3f9de329097-20\" data-testid=\"conversation-turn-42\" data-scroll-anchor=\"true\" data-turn=\"assistant\">\n<div class=\"text-base my-auto mx-auto pb-10 [--thread-content-margin:--spacing(4)] thread-sm:[--thread-content-margin:--spacing(6)] thread-lg:[--thread-content-margin:--spacing(16)] px-(--thread-content-margin)\">\n<div class=\"[--thread-content-max-width:40rem] thread-lg:[--thread-content-max-width:48rem] mx-auto max-w-(--thread-content-max-width) flex-1 group\/turn-messages focus-visible:outline-hidden relative flex w-full min-w-0 flex-col agent-turn\" tabindex=\"-1\">\n<div class=\"flex max-w-full flex-col grow\">\n<div class=\"min-h-8 text-message relative flex w-full flex-col items-end gap-2 text-start break-words whitespace-normal [.text-message+&amp;]:mt-1\" dir=\"auto\" data-message-author-role=\"assistant\" data-message-id=\"554e132b-b38a-408d-9068-365a3f1d3fac\" data-message-model-slug=\"gpt-5\">\n<div class=\"flex w-full flex-col gap-1 empty:hidden first:pt-[1px]\">\n<div class=\"markdown prose dark:prose-invert w-full break-words light markdown-new-styling\">\n<h3 data-start=\"178\" data-end=\"214\"><strong data-start=\"182\" data-end=\"212\">Growatt MOD 10KTL3-XH(BP)<\/strong><\/h3>\n<p data-start=\"215\" data-end=\"514\">Der MOD TL3-XH-BP ist Growatts neueste Generation von dreiphasigen Hybrid-Wechselrichtern. Dieser kompakte, leichte und stilvoll gestaltete Wechselrichter l\u00e4sst sich von einer Person leicht installieren. Er ist vollst\u00e4ndig kompatibel mit dem Growatt APX-Batteriespeichersystem und bietet eine flexible und zukunftssichere Energiel\u00f6sung.  <\/p>\n<p data-start=\"516\" data-end=\"717\">Die Growatt MOD-Wechselrichter sind ideal f\u00fcr dreiphasige Installationen in Wohngeb\u00e4uden und kombinieren hohe Leistung mit Zuverl\u00e4ssigkeit. Nutzen Sie unseren Konfigurator, um festzustellen, welcher Growatt-Wechselrichter am besten zu Ihrer PV-Anlage passt. <\/p>\n<h3 data-start=\"719\" data-end=\"763\"><strong data-start=\"723\" data-end=\"761\">Dreiphasiges System (MOD mit AFCI)<\/strong><\/h3>\n<p data-start=\"764\" data-end=\"1098\">Die Wechselrichter der MOD-Serie sind mit zwei MPPT-Trackern ausgestattet und erreichen Wirkungsgrade von bis zu 98,6%. Jedes Modell verf\u00fcgt serienm\u00e4\u00dfig \u00fcber einen St\u00f6rlichtbogenschutz (AFCI), der f\u00fcr optimale Sicherheit sorgt. Das l\u00fcfter- und trafolose Design sorgt f\u00fcr einen leisen Betrieb und eine lange Lebensdauer. Alle technischen Details entnehmen Sie bitte dem Datenblatt.   <\/p>\n<h3 data-start=\"1100\" data-end=\"1148\"><strong data-start=\"1104\" data-end=\"1146\">Intelligente \u00dcberwachung und Energiemanagement<\/strong><\/h3>\n<p data-start=\"1149\" data-end=\"1353\">Alle Growatt-Wechselrichter k\u00f6nnen mit dem Growatt Smart Meter gekoppelt werden, um sowohl die Solarproduktion als auch den Haushaltsverbrauch zu messen und zu begrenzen. Sie sind auch mit dem folgenden \u00dcberwachungszubeh\u00f6r kompatibel: <\/p>\n<ul data-start=\"1354\" data-end=\"1434\" data-is-last-node=\"\" data-is-only-node=\"\">\n<li data-start=\"1354\" data-end=\"1385\">\n<p data-start=\"1356\" data-end=\"1385\">Growatt Shine WiFi-X Modul<\/p>\n<\/li>\n<li data-start=\"1386\" data-end=\"1410\">\n<p data-start=\"1388\" data-end=\"1410\">Growatt LAN-X Modul<\/p>\n<\/li>\n<li data-start=\"1411\" data-end=\"1434\" data-is-last-node=\"\">\n<p data-start=\"1413\" data-end=\"1434\" data-is-last-node=\"\">Growatt ShineLink-X<\/p>\n<\/li>\n<\/ul>\n<\/div>\n<\/div>\n<\/div>\n<\/div>\n<\/div>\n<\/div>\n<\/article>\n","protected":false},"excerpt":{"rendered":"<div class=\"product-more-container__parameters product-more-container__parameters--desktop\">\n<div class=\"parameters-container\" data-v-ac737b03=\"\">\n<div class=\"table-container\" data-v-95105a14=\"\" data-v-ac737b03=\"\">\n<div class=\"v-table v-theme--light v-table--density-default\" data-v-95105a14=\"\">\n<div class=\"v-table__wrapper\">\n<table>\n<tbody data-v-95105a14=\"\">\n<tr class=\"table-container__row\" data-v-95105a14=\"\">\n<td class=\"table-container__first-column\" data-v-95105a14=\"\">Wechselrichter Typ<\/td>\n<td class=\"table-container__second-column\" data-v-95105a14=\"\">\n  <span class=\"\" data-v-95105a14=\"\">Hybrid<\/span>\n<\/td>\n<\/tr>\n<tr class=\"table-container__row\" data-v-95105a14=\"\">\n<td class=\"table-container__first-column\" data-v-95105a14=\"\">MPPT<\/td>\n<td class=\"table-container__second-column\" data-v-95105a14=\"\">\n  <span class=\"\" data-v-95105a14=\"\">2<\/span>\n<\/td>\n<\/tr>\n<tr class=\"table-container__row\" data-v-95105a14=\"\">\n<td class=\"table-container__first-column\" data-v-95105a14=\"\">Wechselrichter Leistung<\/td>\n<td class=\"table-container__second-column\" data-v-95105a14=\"\">\n  <span class=\"\" data-v-95105a14=\"\">6 kW<\/span>\n<\/td>\n<\/tr>\n<tr class=\"table-container__row\" data-v-95105a14=\"\">\n<td class=\"table-container__first-column\" data-v-95105a14=\"\">Anzahl der Phasen<\/td>\n<td class=\"table-container__second-column\" data-v-95105a14=\"\">\n  <span class=\"\" data-v-95105a14=\"\">3<\/span>\n<\/td>\n<\/tr>\n<\/tbody>\n<\/table>\n<\/div>\n<\/div>\n<\/div>\n<\/div>\n<\/div>\n<div class=\"product-more-container__details\">\n<div class=\"offer-details-container\" data-v-dec3445d=\"\">\n<div class=\"section-title section-title--accordion\" data-v-9377cc97=\"\" data-v-dec3445d=\"\">\n<div class=\"section-title__accordion\" data-v-9377cc97=\"\">\n<h2 class=\"section-title__text\" data-v-9377cc97=\"\">Details zum Produkt<\/h2>\n<div class=\"svg-icon section-title__icon section-title__icon--up\" data-v-9377cc97=\"\"><\/div>\n<\/div>\n<\/div>\n<div class=\"offer-details-container__content\" data-v-dec3445d=\"\">\n<div class=\"table-container\" data-v-95105a14=\"\" data-v-dec3445d=\"\">\n<div class=\"v-table v-theme--light v-table--density-default\" data-v-95105a14=\"\">\n<div class=\"v-table__wrapper\">\n<table>\n<tbody data-v-95105a14=\"\">\n<tr class=\"\" data-v-95105a14=\"\">\n<td class=\"table-container__first-column\" data-v-95105a14=\"\">Name der Serie<\/td>\n<td class=\"table-container__second-column\" data-v-95105a14=\"\">\n  <span class=\"\" data-v-95105a14=\"\">MOD3-10KTL3-XH (Backup)<\/span>\n<\/td>\n<\/tr>\n<tr class=\"\" data-v-95105a14=\"\">\n<td class=\"table-container__first-column\" data-v-95105a14=\"\">Serie AC Leistungsbereich (kW)<\/td>\n<td class=\"table-container__second-column\" data-v-95105a14=\"\">\n  <span class=\"\" data-v-95105a14=\"\">3-10<\/span>\n<\/td>\n<\/tr>\n<tr class=\"\" data-v-95105a14=\"\">\n<td class=\"table-container__first-column\" data-v-95105a14=\"\">Modell Name<\/td>\n<td class=\"table-container__second-column\" data-v-95105a14=\"\">\n  <span class=\"\" data-v-95105a14=\"\">MOD6000TL3-XH Sicherung<\/span>\n<\/td>\n<\/tr>\n<tr class=\"\" data-v-95105a14=\"\">\n<td class=\"table-container__first-column\" data-v-95105a14=\"\">Produktgarantie (Jahre)<\/td>\n<td class=\"table-container__second-column\" data-v-95105a14=\"\">\n  <span class=\"\" data-v-95105a14=\"\">10<\/span>\n<\/td>\n<\/tr>\n<tr class=\"\" data-v-95105a14=\"\">\n<td class=\"table-container__first-column\" data-v-95105a14=\"\">Maximale DC-Leistung (kW)<\/td>\n<td class=\"table-container__second-column\" data-v-95105a14=\"\">\n  <span class=\"\" data-v-95105a14=\"\">12<\/span>\n<\/td>\n<\/tr>\n<tr class=\"\" data-v-95105a14=\"\">\n<td class=\"table-container__first-column\" data-v-95105a14=\"\">Max. Gleichspannung (V) <\/td>\n<td class=\"table-container__second-column\" data-v-95105a14=\"\"><span class=\"\" data-v-95105a14=\"\">1100<\/span><\/td>\n<\/tr>\n<tr class=\"\" data-v-95105a14=\"\">\n<td class=\"table-container__first-column\" data-v-95105a14=\"\">Max. DC Strom (A) <\/td>\n<td class=\"table-container__second-column\" data-v-95105a14=\"\"><span class=\"\" data-v-95105a14=\"\">16&#215;2<\/span><\/td>\n<\/tr>\n<tr class=\"\" data-v-95105a14=\"\">\n<td class=\"table-container__first-column\" data-v-95105a14=\"\">Strings pro einzelnem MPPT<\/td>\n<td class=\"table-container__second-column\" data-v-95105a14=\"\">\n  <span class=\"\" data-v-95105a14=\"\">1<\/span>\n<\/td>\n<\/tr>\n<tr class=\"\" data-v-95105a14=\"\">\n<td class=\"table-container__first-column\" data-v-95105a14=\"\">Maximale AC-Leistung (kW)<\/td>\n<td class=\"table-container__second-column\" data-v-95105a14=\"\">\n  <span class=\"\" data-v-95105a14=\"\">6.6<\/span>\n<\/td>\n<\/tr>\n<tr class=\"\" data-v-95105a14=\"\">\n<td class=\"table-container__first-column\" data-v-95105a14=\"\">Ausgang AC Spannungsbereich (V)<\/td>\n<td class=\"table-container__second-column\" data-v-95105a14=\"\">\n  <span class=\"\" data-v-95105a14=\"\">340-440<\/span>\n<\/td>\n<\/tr>\n<tr class=\"\" data-v-95105a14=\"\">\n<td class=\"table-container__first-column\" data-v-95105a14=\"\">AC-Nennspannung (V)<\/td>\n<td class=\"table-container__second-column\" data-v-95105a14=\"\">\n  <span class=\"\" data-v-95105a14=\"\">220\/380, 230\/400<\/span>\n<\/td>\n<\/tr>\n<tr class=\"\" data-v-95105a14=\"\">\n<td class=\"table-container__first-column\" data-v-95105a14=\"\">Maximaler AC-Strom (A)<\/td>\n<td class=\"table-container__second-column\" data-v-95105a14=\"\">\n  <span class=\"\" data-v-95105a14=\"\">10<\/span>\n<\/td>\n<\/tr>\n<tr class=\"\" data-v-95105a14=\"\">\n<td class=\"table-container__first-column\" data-v-95105a14=\"\">Frequenzbereich (Hz)<\/td>\n<td class=\"table-container__second-column\" data-v-95105a14=\"\">\n  <span class=\"\" data-v-95105a14=\"\">45-55\/55-65<\/span>\n<\/td>\n<\/tr>\n<tr class=\"\" data-v-95105a14=\"\">\n<td class=\"table-container__first-column\" data-v-95105a14=\"\">Frequenz (Hz)<\/td>\n<td class=\"table-container__second-column\" data-v-95105a14=\"\">\n  <span class=\"\" data-v-95105a14=\"\">50\/60<\/span>\n<\/td>\n<\/tr>\n<tr class=\"\" data-v-95105a14=\"\">\n<td class=\"table-container__first-column\" data-v-95105a14=\"\">Maximaler Wirkungsgrad (%)<\/td>\n<td class=\"table-container__second-column\" data-v-95105a14=\"\">\n  <span class=\"\" data-v-95105a14=\"\">98.3<\/span>\n<\/td>\n<\/tr>\n<tr class=\"\" data-v-95105a14=\"\">\n<td class=\"table-container__first-column\" data-v-95105a14=\"\">Euro Wirkungsgrad (%)<\/td>\n<td class=\"table-container__second-column\" data-v-95105a14=\"\">\n  <span class=\"\" data-v-95105a14=\"\">97.5<\/span>\n<\/td>\n<\/tr>\n<tr class=\"\" data-v-95105a14=\"\">\n<td class=\"table-container__first-column\" data-v-95105a14=\"\">Betriebstemperaturbereich (\u00b0C)<\/td>\n<td class=\"table-container__second-column\" data-v-95105a14=\"\">\n  <span class=\"\" data-v-95105a14=\"\">-25-60<\/span>\n<\/td>\n<\/tr>\n<tr class=\"\" data-v-95105a14=\"\">\n<td class=\"table-container__first-column\" data-v-95105a14=\"\">Schutzklasse<\/td>\n<td class=\"table-container__second-column\" data-v-95105a14=\"\">\n  <span class=\"\" data-v-95105a14=\"\">IP66<\/span>\n<\/td>\n<\/tr>\n<tr class=\"\" data-v-95105a14=\"\">\n<td class=\"table-container__first-column\" data-v-95105a14=\"\">Anzeige<\/td>\n<td class=\"table-container__second-column\" data-v-95105a14=\"\">\n  <span class=\"\" data-v-95105a14=\"\">OLED+LED<\/span>\n<\/td>\n<\/tr>\n<tr class=\"\" data-v-95105a14=\"\">\n<td class=\"table-container__first-column\" data-v-95105a14=\"\">Schutzfunktionen<\/td>\n<td class=\"table-container__second-column\" data-v-95105a14=\"\">\n  <span class=\"\" data-v-95105a14=\"\">Interner \u00dcberspannungsschutz DC-Isolationswiderstandserkennung Netz\u00fcberwachung GFCI-\u00dcberwachung DCI-\u00dcberwachung AC-Kurzschlussstromschutz AC-Erdungserkennung DC-\u00dcberspannungsschutz AC-\u00dcberspannungsschutz Anti-Insell\u00f6sungsschutz AFCI-Schutz<\/span>\n<\/td>\n<\/tr>\n<\/tbody>\n<\/table>\n<\/div>\n<\/div>\n<\/div>\n<\/div>\n<\/div>\n<\/div>\n<div class=\"product-more-container__measurements\">\n<div class=\"offer-measurements-container\" data-v-55577bc2=\"\">\n<div class=\"section-title section-title--accordion\" data-v-9377cc97=\"\" data-v-55577bc2=\"\">\n<div class=\"section-title__accordion\" data-v-9377cc97=\"\">\n<h2 class=\"section-title__text\" data-v-9377cc97=\"\">Messungen<\/h2>\n<div class=\"svg-icon section-title__icon section-title__icon--up\" data-v-9377cc97=\"\"><\/div>\n<\/div>\n<\/div>\n<div class=\"offer-measurements-container__content\" data-v-55577bc2=\"\">\n<div class=\"table-container\" data-v-95105a14=\"\" data-v-55577bc2=\"\">\n<div class=\"v-table v-theme--light v-table--density-default\" data-v-95105a14=\"\">\n<div class=\"v-table__wrapper\">\n<table>\n<tbody data-v-95105a14=\"\">\n<tr class=\"\" data-v-95105a14=\"\">\n<td class=\"table-container__first-column\" data-v-95105a14=\"\">H\u00f6he (mm)<\/td>\n<td class=\"table-container__second-column\" data-v-95105a14=\"\">\n  <span class=\"\" data-v-95105a14=\"\">387<\/span>\n<\/td>\n<\/tr>\n<tr class=\"\" data-v-95105a14=\"\">\n<td class=\"table-container__first-column\" data-v-95105a14=\"\">Breite (mm)<\/td>\n<td class=\"table-container__second-column\" data-v-95105a14=\"\">\n  <span class=\"\" data-v-95105a14=\"\">425<\/span>\n<\/td>\n<\/tr>\n<tr class=\"\" data-v-95105a14=\"\">\n<td class=\"table-container__first-column\" data-v-95105a14=\"\">Tiefe (mm)<\/td>\n<td class=\"table-container__second-column\" data-v-95105a14=\"\">\n  <span class=\"\" data-v-95105a14=\"\">147<\/span>\n<\/td>\n<\/tr>\n<tr class=\"\" data-v-95105a14=\"\">\n<td class=\"table-container__first-column\" data-v-95105a14=\"\">Gewicht (kg)<\/td>\n<td class=\"table-container__second-column\" data-v-95105a14=\"\">\n  <span class=\"\" data-v-95105a14=\"\">12.5<\/span>\n<\/td>\n<\/tr>\n<\/tbody>\n<\/table>\n<\/div>\n<\/div>\n<\/div>\n<\/div>\n<\/div>\n<\/div>\n","protected":false},"featured_media":21996,"comment_status":"open","ping_status":"closed","template":"","meta":{"_acf_changed":false,"content-type":""},"product_brand":[2855],"product_cat":[2809],"product_tag":[],"class_list":{"0":"post-21872","1":"product","2":"type-product","3":"status-publish","4":"has-post-thumbnail","6":"product_brand-growatt-de","7":"product_cat-wechselrichter","9":"first","10":"instock","11":"taxable","12":"shipping-taxable","13":"purchasable","14":"product-type-simple"},"acf":[],"_links":{"self":[{"href":"https:\/\/powersolar.store\/de\/wp-json\/wp\/v2\/product\/21872","targetHints":{"allow":["GET"]}}],"collection":[{"href":"https:\/\/powersolar.store\/de\/wp-json\/wp\/v2\/product"}],"about":[{"href":"https:\/\/powersolar.store\/de\/wp-json\/wp\/v2\/types\/product"}],"replies":[{"embeddable":true,"href":"https:\/\/powersolar.store\/de\/wp-json\/wp\/v2\/comments?post=21872"}],"version-history":[{"count":8,"href":"https:\/\/powersolar.store\/de\/wp-json\/wp\/v2\/product\/21872\/revisions"}],"predecessor-version":[{"id":22286,"href":"https:\/\/powersolar.store\/de\/wp-json\/wp\/v2\/product\/21872\/revisions\/22286"}],"wp:featuredmedia":[{"embeddable":true,"href":"https:\/\/powersolar.store\/de\/wp-json\/wp\/v2\/media\/21996"}],"wp:attachment":[{"href":"https:\/\/powersolar.store\/de\/wp-json\/wp\/v2\/media?parent=21872"}],"wp:term":[{"taxonomy":"product_brand","embeddable":true,"href":"https:\/\/powersolar.store\/de\/wp-json\/wp\/v2\/product_brand?post=21872"},{"taxonomy":"product_cat","embeddable":true,"href":"https:\/\/powersolar.store\/de\/wp-json\/wp\/v2\/product_cat?post=21872"},{"taxonomy":"product_tag","embeddable":true,"href":"https:\/\/powersolar.store\/de\/wp-json\/wp\/v2\/product_tag?post=21872"}],"curies":[{"name":"wp","href":"https:\/\/api.w.org\/{rel}","templated":true}]}}