{"id":21913,"date":"2025-10-16T11:12:46","date_gmt":"2025-10-16T09:12:46","guid":{"rendered":"https:\/\/powersolar.store\/product\/enphase-iq8mc-mikro-wechselrichter\/"},"modified":"2025-10-16T11:12:46","modified_gmt":"2025-10-16T09:12:46","slug":"enphase-iq8mc-mikro-wechselrichter","status":"publish","type":"product","link":"https:\/\/powersolar.store\/de\/product\/enphase-iq8mc-mikro-wechselrichter\/","title":{"rendered":"Enphase IQ8MC Mikro-Wechselrichter"},"content":{"rendered":"","protected":false},"excerpt":{"rendered":"<div class=\"detail-tabs-content description\">\n<div id=\"description\" class=\"data item content\" aria-labelledby=\"tab-label-description-title\" data-role=\"content\">\n<div class=\"product attribute description\">\n<h3><span dir=\"auto\">Enphase IQ8MC Mikro-Wechselrichter<\/span><\/h3>\n<div class=\"value\">\n<p><span dir=\"auto\">Die IQ8-Serie von Enphase bietet die intelligentesten Mikro-Wechselrichter aller Zeiten. Diese Mikrowechselrichter wurden speziell entwickelt, um das Potenzial der neuen Generation von Solarmodulen zu maximieren. Sie liefern die h\u00f6chste Energieproduktion und erf\u00fcllen die strengsten Sicherheitsstandards. Und mit \u00fcber 1 Million Teststunden k\u00f6nnen Sie mit Sicherheit sagen, dass sie in puncto Zuverl\u00e4ssigkeit un\u00fcbertroffen sind.   <\/span><\/p>\n<p><span dir=\"auto\">Die Mikro-Wechselrichter sind f\u00fcr 120- und 144-Zellen-Halbzellenmodule geeignet. Pr\u00fcfen Sie, welche Solarmodule mit diesem Mikro-Wechselrichter kompatibel sind, indem Sie   <\/span><a href=\"https:\/\/enphase.com\/nl-nl\/installers\/microinverters\/calculator\"><br \/>\n  <span dir=\"auto\">der Enphase Modul-Kompatibilit\u00e4tsrechner<\/span><br \/>\n<\/a><span dir=\"auto\"> .<\/span><\/p>\n<p><strong><span dir=\"auto\">Bereit f\u00fcr die Zukunft mit vollst\u00e4ndiger Energieunabh\u00e4ngigkeit<\/span><\/strong><\/p>\n<p><span dir=\"auto\">Die IQ8-Mikro-Wechselrichter erm\u00f6glichen den Aufbau eines Mikronetzes f\u00fcr vollst\u00e4ndige Energieunabh\u00e4ngigkeit. Dank der intelligenten Software in den Mikro-Wechselrichtern k\u00f6nnen diese sowohl netzgebunden als auch netzunabh\u00e4ngig betrieben werden. Um netzunabh\u00e4ngig zu werden, ist ein IQ System Controller erforderlich. Dieses Enphase-Produkt wird in K\u00fcrze erh\u00e4ltlich sein.   <\/span><\/p>\n<p><strong><span dir=\"auto\">Wichtig zu wissen vor Ihrer Installation<\/span><\/strong><\/p>\n<p><span dir=\"auto\">Der IQ8 und der IQ7 <\/span><strong><br \/>\n  <u><br \/>\n    <span dir=\"auto\">k\u00f6nnen nicht<\/span><br \/>\n  <\/u><br \/>\n<\/strong><span dir=\"auto\">  in einem einzigen System kombiniert werden. Das liegt an dem Kommunikationsprotokoll, das das IQ Gateway zur Kommunikation mit dem IQ8 verwendet und das sich von dem Protokoll unterscheidet, das bei fr\u00fcheren Generationen von Enphase-Mikrowechselrichtern verwendet wurde. <\/span><\/p>\n<p><span dir=\"auto\">Stellen Sie au\u00dferdem sicher, dass Sie die neueste Version des Installer-Toolkits heruntergeladen haben. Die Inbetriebnahme von IQ8-Systemen erfordert die Enphase Installer App Version 3.27.0 oder h\u00f6her. <\/span><\/p>\n<p><strong><span dir=\"auto\">Kompatibel mit allen Sonnenkollektoren<\/span><\/strong><\/p>\n<p><span dir=\"auto\">Die Enphase IQ8 Serie kann einen Dauerkurzschlussstrom von mindestens 14A verarbeiten, unterst\u00fctzt aber einen maximalen Eingang von <\/span><strong><br \/>\n  <span dir=\"auto\">20A<\/span><br \/>\n<\/strong><span dir=\"auto\">  . Dadurch sind sie f\u00fcr alle aktuellen Solarmodule auf dem Markt geeignet und gew\u00e4hrleisten optimale Flexibilit\u00e4t und Zukunftssicherheit.<\/span><\/p>\n<p><strong><span dir=\"auto\">Erste Schritte mit Enphase<\/span><\/strong><\/p>\n<p><span dir=\"auto\">Eine Installation mit Enphase bietet zahlreiche Vorteile. Zum Beispiel arbeiten die Mikro-Wechselrichter unabh\u00e4ngig voneinander. Wenn also einer ausf\u00e4llt, flie\u00dft die Energie weiter. Ideal, wenn Ihr Kunde das Beste aus seiner PV-Anlage herausholen m\u00f6chte. Und wenn der Energiebedarf Ihres Kunden steigt, k\u00f6nnen Sie mit diesem flexiblen System problemlos weitere Mikrowechselrichter hinzuf\u00fcgen.    <\/span><\/p>\n<p><span dir=\"auto\">M\u00f6chten Sie mehr \u00fcber Enphase erfahren? Unser Expertenteam hilft Ihnen gerne dabei, loszulegen! Kontaktieren Sie uns jetzt unter    <\/span><a href=\"mailto:sales@4blue.nl\"><br \/>\n  <span dir=\"auto\">sales@4blue.nl<\/span><br \/>\n<\/a><span dir=\"auto\"> .<\/span><\/p>\n<p>&nbsp;<\/p>\n<p><em><span dir=\"auto\">Es ist derzeit nicht erlaubt, den IQ8 in Belgien zu installieren.<\/span><\/em><\/p>\n<\/div>\n<\/div>\n<\/div>\n<\/div>\n<div class=\"detail-tabs-content additional\">\n<div id=\"additional\" class=\"data item content\" aria-labelledby=\"tab-label-additional-title\" data-role=\"content\">\n<div class=\"additional-attributes-wrapper table-wrapper\">\n<table id=\"product-attribute-specs-table\" class=\"data table additional-attributes\">\n<tbody>\n<tr>\n<th class=\"col label\" scope=\"row\">\n  <span dir=\"auto\">Beitrag zur Abfallwirtschaft<\/span>\n<\/th>\n<td class=\"col data\" data-th=\" \"Afvalbeheerbijdrage\"\">\n  <span dir=\"auto\">\u20ac0.07<\/span>\n<\/td>\n<\/tr>\n<tr>\n<th class=\"col label\" scope=\"row\">\n  <span dir=\"auto\">Hersteller-Nummer<\/span>\n<\/th>\n<td class=\"col data\" data-th=\"Fabrikantnummer\">\n  <span dir=\"auto\">IQ8MC-72-M-INT<\/span>\n<\/td>\n<\/tr>\n<tr>\n<th class=\"col label\" scope=\"row\">\n  <span dir=\"auto\">Wechselrichter Typ<\/span>\n<\/th>\n<td class=\"col data\" data-th=\"Type omvormer\">\n  <span dir=\"auto\">Mikro<\/span>\n<\/td>\n<\/tr>\n<tr>\n<th class=\"col label\" scope=\"row\">\n  <span dir=\"auto\">Menge pro Box<\/span>\n<\/th>\n<td class=\"col data\" data-th=\"Aantal per doos\">\n  <span dir=\"auto\">18<\/span>\n<\/td>\n<\/tr>\n<tr>\n<th class=\"col label\" scope=\"row\">\n  <span dir=\"auto\">Menge pro Palette<\/span>\n<\/th>\n<td class=\"col data\" data-th=\"Aantal per pallet\">\n  <span dir=\"auto\">756<\/span>\n<\/td>\n<\/tr>\n<\/tbody>\n<\/table>\n<\/div>\n<\/div>\n<\/div>\n","protected":false},"featured_media":21911,"comment_status":"open","ping_status":"closed","template":"","meta":{"_acf_changed":false,"content-type":""},"product_brand":[2844],"product_cat":[2809],"product_tag":[],"class_list":{"0":"post-21913","1":"product","2":"type-product","3":"status-publish","4":"has-post-thumbnail","6":"product_brand-enphase-de","7":"product_cat-wechselrichter","9":"first","10":"instock","11":"taxable","12":"shipping-taxable","13":"purchasable","14":"product-type-simple"},"acf":[],"_links":{"self":[{"href":"https:\/\/powersolar.store\/de\/wp-json\/wp\/v2\/product\/21913","targetHints":{"allow":["GET"]}}],"collection":[{"href":"https:\/\/powersolar.store\/de\/wp-json\/wp\/v2\/product"}],"about":[{"href":"https:\/\/powersolar.store\/de\/wp-json\/wp\/v2\/types\/product"}],"replies":[{"embeddable":true,"href":"https:\/\/powersolar.store\/de\/wp-json\/wp\/v2\/comments?post=21913"}],"version-history":[{"count":0,"href":"https:\/\/powersolar.store\/de\/wp-json\/wp\/v2\/product\/21913\/revisions"}],"wp:featuredmedia":[{"embeddable":true,"href":"https:\/\/powersolar.store\/de\/wp-json\/wp\/v2\/media\/21911"}],"wp:attachment":[{"href":"https:\/\/powersolar.store\/de\/wp-json\/wp\/v2\/media?parent=21913"}],"wp:term":[{"taxonomy":"product_brand","embeddable":true,"href":"https:\/\/powersolar.store\/de\/wp-json\/wp\/v2\/product_brand?post=21913"},{"taxonomy":"product_cat","embeddable":true,"href":"https:\/\/powersolar.store\/de\/wp-json\/wp\/v2\/product_cat?post=21913"},{"taxonomy":"product_tag","embeddable":true,"href":"https:\/\/powersolar.store\/de\/wp-json\/wp\/v2\/product_tag?post=21913"}],"curies":[{"name":"wp","href":"https:\/\/api.w.org\/{rel}","templated":true}]}}