{"id":21922,"date":"2025-10-16T11:17:26","date_gmt":"2025-10-16T09:17:26","guid":{"rendered":"https:\/\/powersolar.store\/product\/growatt-mod-8000tl3-xh-bp\/"},"modified":"2025-10-16T11:17:26","modified_gmt":"2025-10-16T09:17:26","slug":"growatt-mod-8000tl3-xh-bp","status":"publish","type":"product","link":"https:\/\/powersolar.store\/de\/product\/growatt-mod-8000tl3-xh-bp\/","title":{"rendered":"Growatt MOD 8000TL3-XH BP"},"content":{"rendered":"<div class=\"product-more-container__parameters product-more-container__parameters--desktop\">\n<div class=\"parameters-container\" data-v-ac737b03=\"\">\n<div class=\"table-container\" data-v-95105a14=\"\" data-v-ac737b03=\"\">\n<div class=\"v-table v-theme--light v-table--density-default\" data-v-95105a14=\"\">\n<div class=\"v-table__wrapper\">\n<table>\n<tbody data-v-95105a14=\"\">\n<tr class=\"table-container__row\" data-v-95105a14=\"\">\n<td class=\"table-container__first-column\" data-v-95105a14=\"\">Wechselrichter Typ<\/td>\n<td class=\"table-container__second-column\" data-v-95105a14=\"\">\n  <span class=\"\" data-v-95105a14=\"\">Hybrid<\/span>\n<\/td>\n<\/tr>\n<tr class=\"table-container__row\" data-v-95105a14=\"\">\n<td class=\"table-container__first-column\" data-v-95105a14=\"\">MPPT<\/td>\n<td class=\"table-container__second-column\" data-v-95105a14=\"\">\n  <span class=\"\" data-v-95105a14=\"\">2<\/span>\n<\/td>\n<\/tr>\n<tr class=\"table-container__row\" data-v-95105a14=\"\">\n<td class=\"table-container__first-column\" data-v-95105a14=\"\">Wechselrichter Leistung<\/td>\n<td class=\"table-container__second-column\" data-v-95105a14=\"\">\n  <span class=\"\" data-v-95105a14=\"\">8 kW<\/span>\n<\/td>\n<\/tr>\n<tr class=\"table-container__row\" data-v-95105a14=\"\">\n<td class=\"table-container__first-column\" data-v-95105a14=\"\">Anzahl der Phasen<\/td>\n<td class=\"table-container__second-column\" data-v-95105a14=\"\">\n  <span class=\"\" data-v-95105a14=\"\">3<\/span>\n<\/td>\n<\/tr>\n<\/tbody>\n<\/table>\n<\/div>\n<\/div>\n<\/div>\n<\/div>\n<\/div>\n<div class=\"product-more-container__details\">\n<div class=\"offer-details-container\" data-v-dec3445d=\"\">\n<div class=\"section-title section-title--accordion\" data-v-9377cc97=\"\" data-v-dec3445d=\"\">\n<div class=\"section-title__accordion\" data-v-9377cc97=\"\">\n<h2 class=\"section-title__text\" data-v-9377cc97=\"\">Details zum Produkt<\/h2>\n<div class=\"svg-icon section-title__icon section-title__icon--up\" data-v-9377cc97=\"\"><\/div>\n<\/div>\n<\/div>\n<div class=\"offer-details-container__content\" data-v-dec3445d=\"\">\n<div class=\"table-container\" data-v-95105a14=\"\" data-v-dec3445d=\"\">\n<div class=\"v-table v-theme--light v-table--density-default\" data-v-95105a14=\"\">\n<div class=\"v-table__wrapper\">\n<table>\n<tbody data-v-95105a14=\"\">\n<tr class=\"\" data-v-95105a14=\"\">\n<td class=\"table-container__first-column\" data-v-95105a14=\"\">Name der Serie<\/td>\n<td class=\"table-container__second-column\" data-v-95105a14=\"\">\n  <span class=\"\" data-v-95105a14=\"\">MOD 3000-10000TL3-XH<\/span>\n<\/td>\n<\/tr>\n<tr class=\"\" data-v-95105a14=\"\">\n<td class=\"table-container__first-column\" data-v-95105a14=\"\">Serie AC Leistungsbereich (kW)<\/td>\n<td class=\"table-container__second-column\" data-v-95105a14=\"\">\n  <span class=\"\" data-v-95105a14=\"\">3.3-11<\/span>\n<\/td>\n<\/tr>\n<tr class=\"\" data-v-95105a14=\"\">\n<td class=\"table-container__first-column\" data-v-95105a14=\"\">Name des Modells<\/td>\n<td class=\"table-container__second-column\" data-v-95105a14=\"\">\n  <span class=\"\" data-v-95105a14=\"\">MOD 8000TL3-XH<\/span>\n<\/td>\n<\/tr>\n<tr class=\"\" data-v-95105a14=\"\">\n<td class=\"table-container__first-column\" data-v-95105a14=\"\">Produktgarantie (Jahre)<\/td>\n<td class=\"table-container__second-column\" data-v-95105a14=\"\">\n  <span class=\"\" data-v-95105a14=\"\">5<\/span>\n<\/td>\n<\/tr>\n<tr class=\"\" data-v-95105a14=\"\">\n<td class=\"table-container__first-column\" data-v-95105a14=\"\">Maximale DC-Leistung (kW)<\/td>\n<td class=\"table-container__second-column\" data-v-95105a14=\"\">\n  <span class=\"\" data-v-95105a14=\"\">16<\/span>\n<\/td>\n<\/tr>\n<tr class=\"\" data-v-95105a14=\"\">\n<td class=\"table-container__first-column\" data-v-95105a14=\"\">Max. Gleichspannung (V) <\/td>\n<td class=\"table-container__second-column\" data-v-95105a14=\"\"><span class=\"\" data-v-95105a14=\"\">1100<\/span><\/td>\n<\/tr>\n<tr class=\"\" data-v-95105a14=\"\">\n<td class=\"table-container__first-column\" data-v-95105a14=\"\">Max. DC Strom (A) <\/td>\n<td class=\"table-container__second-column\" data-v-95105a14=\"\"><span class=\"\" data-v-95105a14=\"\">32<\/span><\/td>\n<\/tr>\n<tr class=\"\" data-v-95105a14=\"\">\n<td class=\"table-container__first-column\" data-v-95105a14=\"\">Strings pro einzelnem MPPT<\/td>\n<td class=\"table-container__second-column\" data-v-95105a14=\"\">\n  <span class=\"\" data-v-95105a14=\"\">1<\/span>\n<\/td>\n<\/tr>\n<tr class=\"\" data-v-95105a14=\"\">\n<td class=\"table-container__first-column\" data-v-95105a14=\"\">DC-Eing\u00e4nge<\/td>\n<td class=\"table-container__second-column\" data-v-95105a14=\"\">\n  <span class=\"\" data-v-95105a14=\"\">2<\/span>\n<\/td>\n<\/tr>\n<tr class=\"\" data-v-95105a14=\"\">\n<td class=\"table-container__first-column\" data-v-95105a14=\"\">Solarpanel-Steckverbinder<\/td>\n<td class=\"table-container__second-column\" data-v-95105a14=\"\">\n  <span class=\"\" data-v-95105a14=\"\">MC4<\/span>\n<\/td>\n<\/tr>\n<tr class=\"\" data-v-95105a14=\"\">\n<td class=\"table-container__first-column\" data-v-95105a14=\"\">Maximale AC-Leistung (kW)<\/td>\n<td class=\"table-container__second-column\" data-v-95105a14=\"\">\n  <span class=\"\" data-v-95105a14=\"\">8.8<\/span>\n<\/td>\n<\/tr>\n<tr class=\"\" data-v-95105a14=\"\">\n<td class=\"table-container__first-column\" data-v-95105a14=\"\">Ausgang AC Spannungsbereich (V)<\/td>\n<td class=\"table-container__second-column\" data-v-95105a14=\"\">\n  <span class=\"\" data-v-95105a14=\"\">340-440<\/span>\n<\/td>\n<\/tr>\n<tr class=\"\" data-v-95105a14=\"\">\n<td class=\"table-container__first-column\" data-v-95105a14=\"\">AC-Nennspannung (V)<\/td>\n<td class=\"table-container__second-column\" data-v-95105a14=\"\">\n  <span class=\"\" data-v-95105a14=\"\">220\/380, 230\/400<\/span>\n<\/td>\n<\/tr>\n<tr class=\"\" data-v-95105a14=\"\">\n<td class=\"table-container__first-column\" data-v-95105a14=\"\">Maximaler AC-Strom (A)<\/td>\n<td class=\"table-container__second-column\" data-v-95105a14=\"\">\n  <span class=\"\" data-v-95105a14=\"\">13.3<\/span>\n<\/td>\n<\/tr>\n<tr class=\"\" data-v-95105a14=\"\">\n<td class=\"table-container__first-column\" data-v-95105a14=\"\">Frequenzbereich (Hz)<\/td>\n<td class=\"table-container__second-column\" data-v-95105a14=\"\">\n  <span class=\"\" data-v-95105a14=\"\">45-55\/55-65 H<\/span>\n<\/td>\n<\/tr>\n<tr class=\"\" data-v-95105a14=\"\">\n<td class=\"table-container__first-column\" data-v-95105a14=\"\">Frequenz (Hz)<\/td>\n<td class=\"table-container__second-column\" data-v-95105a14=\"\">\n  <span class=\"\" data-v-95105a14=\"\">50\/60<\/span>\n<\/td>\n<\/tr>\n<tr class=\"\" data-v-95105a14=\"\">\n<td class=\"table-container__first-column\" data-v-95105a14=\"\">Leistungsfaktor<\/td>\n<td class=\"table-container__second-column\" data-v-95105a14=\"\">\n  <span class=\"\" data-v-95105a14=\"\">0,8 voreilend &#8211; 0,8 nacheilend<\/span>\n<\/td>\n<\/tr>\n<tr class=\"\" data-v-95105a14=\"\">\n<td class=\"table-container__first-column\" data-v-95105a14=\"\">Maximaler Wirkungsgrad (%)<\/td>\n<td class=\"table-container__second-column\" data-v-95105a14=\"\">\n  <span class=\"\" data-v-95105a14=\"\">98.6<\/span>\n<\/td>\n<\/tr>\n<tr class=\"\" data-v-95105a14=\"\">\n<td class=\"table-container__first-column\" data-v-95105a14=\"\">Euro Wirkungsgrad (%)<\/td>\n<td class=\"table-container__second-column\" data-v-95105a14=\"\">\n  <span class=\"\" data-v-95105a14=\"\">98.1<\/span>\n<\/td>\n<\/tr>\n<tr class=\"\" data-v-95105a14=\"\">\n<td class=\"table-container__first-column\" data-v-95105a14=\"\">Betriebstemperaturbereich (\u00b0C)<\/td>\n<td class=\"table-container__second-column\" data-v-95105a14=\"\">\n  <span class=\"\" data-v-95105a14=\"\">-25 ~ +60<\/span>\n<\/td>\n<\/tr>\n<tr class=\"\" data-v-95105a14=\"\">\n<td class=\"table-container__first-column\" data-v-95105a14=\"\">Schutzklasse<\/td>\n<td class=\"table-container__second-column\" data-v-95105a14=\"\">\n  <span class=\"\" data-v-95105a14=\"\">IP66<\/span>\n<\/td>\n<\/tr>\n<tr class=\"\" data-v-95105a14=\"\">\n<td class=\"table-container__first-column\" data-v-95105a14=\"\">Anzeige<\/td>\n<td class=\"table-container__second-column\" data-v-95105a14=\"\">\n  <span class=\"\" data-v-95105a14=\"\">LED<\/span>\n<\/td>\n<\/tr>\n<tr class=\"\" data-v-95105a14=\"\">\n<td class=\"table-container__first-column\" data-v-95105a14=\"\">Schutzfunktionen<\/td>\n<td class=\"table-container__second-column\" data-v-95105a14=\"\">\n  <span class=\"\" data-v-95105a14=\"\">Anti-Insel-Schutz (ENS), Kurzschlussschutz, Fehlerstromschutzschalter (RCD), Verpolungsschutz, \u00dcberspannungsschutz, Erdschluss\u00fcberwachung, Netz\u00fcberwachung<\/span>\n<\/td>\n<\/tr>\n<\/tbody>\n<\/table>\n<\/div>\n<\/div>\n<\/div>\n<\/div>\n<\/div>\n<\/div>\n","protected":false},"excerpt":{"rendered":"<p>Wechselrichter Typ Hybrid MPPT 2 Wechselrichter Leistung 8 kW Anzahl der Phasen 3 Details zum Produkt Name der Serie MOD 3000-10000TL3-XH Serie AC Leistungsbereich (kW) 3.3-11 Name des Modells MOD 8000TL3-XH Produktgarantie (Jahre) 5 Maximale DC-Leistung (kW) 16 Max. Gleichspannung (V) 1100 Max. DC Strom (A) 32 Strings pro einzelnem MPPT 1 DC-Eing\u00e4nge 2 Solarpanel-Steckverbinder [&hellip;]<\/p>\n","protected":false},"featured_media":21996,"comment_status":"open","ping_status":"closed","template":"","meta":{"_acf_changed":false,"content-type":""},"product_brand":[2855],"product_cat":[2809],"product_tag":[],"class_list":{"0":"post-21922","1":"product","2":"type-product","3":"status-publish","4":"has-post-thumbnail","6":"product_brand-growatt-de","7":"product_cat-wechselrichter","9":"first","10":"instock","11":"taxable","12":"shipping-taxable","13":"purchasable","14":"product-type-simple"},"acf":[],"_links":{"self":[{"href":"https:\/\/powersolar.store\/de\/wp-json\/wp\/v2\/product\/21922","targetHints":{"allow":["GET"]}}],"collection":[{"href":"https:\/\/powersolar.store\/de\/wp-json\/wp\/v2\/product"}],"about":[{"href":"https:\/\/powersolar.store\/de\/wp-json\/wp\/v2\/types\/product"}],"replies":[{"embeddable":true,"href":"https:\/\/powersolar.store\/de\/wp-json\/wp\/v2\/comments?post=21922"}],"version-history":[{"count":0,"href":"https:\/\/powersolar.store\/de\/wp-json\/wp\/v2\/product\/21922\/revisions"}],"wp:featuredmedia":[{"embeddable":true,"href":"https:\/\/powersolar.store\/de\/wp-json\/wp\/v2\/media\/21996"}],"wp:attachment":[{"href":"https:\/\/powersolar.store\/de\/wp-json\/wp\/v2\/media?parent=21922"}],"wp:term":[{"taxonomy":"product_brand","embeddable":true,"href":"https:\/\/powersolar.store\/de\/wp-json\/wp\/v2\/product_brand?post=21922"},{"taxonomy":"product_cat","embeddable":true,"href":"https:\/\/powersolar.store\/de\/wp-json\/wp\/v2\/product_cat?post=21922"},{"taxonomy":"product_tag","embeddable":true,"href":"https:\/\/powersolar.store\/de\/wp-json\/wp\/v2\/product_tag?post=21922"}],"curies":[{"name":"wp","href":"https:\/\/api.w.org\/{rel}","templated":true}]}}