{"id":21951,"date":"2025-10-16T11:25:44","date_gmt":"2025-10-16T09:25:44","guid":{"rendered":"https:\/\/powersolar.store\/product\/enphase-iq-gateway-standard\/"},"modified":"2025-10-16T11:25:44","modified_gmt":"2025-10-16T09:25:44","slug":"enphase-iq-gateway-standard","status":"publish","type":"product","link":"https:\/\/powersolar.store\/de\/product\/enphase-iq-gateway-standard\/","title":{"rendered":"Enphase IQ Gateway Standard"},"content":{"rendered":"","protected":false},"excerpt":{"rendered":"<div class=\"detail-tabs-content description\">\n<div id=\"description\" class=\"data item content\" aria-labelledby=\"tab-label-description-title\" data-role=\"content\">\n<div class=\"product attribute description\">\n<h3><span dir=\"auto\">Enphase IQ Gateway Standard<\/span><\/h3>\n<div class=\"value\">\n<ul>\n<li><span dir=\"auto\">Abmessungen: (B x H x T) 213 x 126 x 45 mm<\/span><\/li>\n<li><span dir=\"auto\">Gewicht: 0,5 kg<\/span><\/li>\n<li><span dir=\"auto\">Zwei USB 2.0-Anschl\u00fcsse (automatische Erkennung, automatische Aushandlung)<\/span><\/li>\n<li><span dir=\"auto\">Integriertes Wi-Fi<\/span><\/li>\n<li><span dir=\"auto\">Maximale Anzahl von Mikro-Wechselrichtern: bis zu 600<\/span><\/li>\n<li><span dir=\"auto\">5 Jahre Garantie<\/span><\/li>\n<\/ul>\n<p><span dir=\"auto\">Das Enphase IQ Gateway Standard, ehemals Envoy-S, ist das Herzst\u00fcck der Enphase Heimenergie-L\u00f6sung. Der Envoy sammelt Echtzeitdaten von Ihren Mikrowechselrichtern und sendet Aktualisierungen an diese aus der Ferne. Damit h\u00e4lt er Ihr gesamtes PV-System in st\u00e4ndiger Kommunikation.   <\/span><\/p>\n<p><strong><span dir=\"auto\">IQ Gateway<\/span><\/strong><\/p>\n<p><span dir=\"auto\">Das IQ Gateway bietet mehr als nur Einblicke in die Solarenergie. Es bietet auch Komfort, Bequemlichkeit, mehr Einblick und zuverl\u00e4ssige Solarenergie. Netzanforderungen oder Vorschriften k\u00f6nnen sich beispielsweise in Zukunft \u00e4ndern. Das Enphase IQ Gateway Standard l\u00e4dt automatisch Aktualisierungen herunter und sendet sie an die Mikrowechselrichter der PV-Anlage.   <\/span><\/p>\n<\/div>\n<\/div>\n<\/div>\n<\/div>\n<div class=\"detail-tabs-content additional\">\n<div id=\"additional\" class=\"data item content\" aria-labelledby=\"tab-label-additional-title\" data-role=\"content\">\n<div class=\"additional-attributes-wrapper table-wrapper\">\n<table id=\"product-attribute-specs-table\" class=\"data table additional-attributes\">\n<tbody>\n<tr>\n<th class=\"col label\" scope=\"row\">\n  <span dir=\"auto\">Hersteller-Nummer<\/span>\n<\/th>\n<td class=\"col data\" data-th=\"Fabrikantnummer\">\n  <span dir=\"auto\">ENV-S-WB-230<\/span>\n<\/td>\n<\/tr>\n<\/tbody>\n<\/table>\n<p>&nbsp;<\/p>\n<\/div>\n<\/div>\n<\/div>\n","protected":false},"featured_media":21920,"comment_status":"open","ping_status":"closed","template":"","meta":{"_acf_changed":false,"content-type":""},"product_brand":[2844],"product_cat":[2809],"product_tag":[],"class_list":{"0":"post-21951","1":"product","2":"type-product","3":"status-publish","4":"has-post-thumbnail","6":"product_brand-enphase-de","7":"product_cat-wechselrichter","9":"first","10":"instock","11":"taxable","12":"shipping-taxable","13":"purchasable","14":"product-type-simple"},"acf":[],"_links":{"self":[{"href":"https:\/\/powersolar.store\/de\/wp-json\/wp\/v2\/product\/21951","targetHints":{"allow":["GET"]}}],"collection":[{"href":"https:\/\/powersolar.store\/de\/wp-json\/wp\/v2\/product"}],"about":[{"href":"https:\/\/powersolar.store\/de\/wp-json\/wp\/v2\/types\/product"}],"replies":[{"embeddable":true,"href":"https:\/\/powersolar.store\/de\/wp-json\/wp\/v2\/comments?post=21951"}],"version-history":[{"count":0,"href":"https:\/\/powersolar.store\/de\/wp-json\/wp\/v2\/product\/21951\/revisions"}],"wp:featuredmedia":[{"embeddable":true,"href":"https:\/\/powersolar.store\/de\/wp-json\/wp\/v2\/media\/21920"}],"wp:attachment":[{"href":"https:\/\/powersolar.store\/de\/wp-json\/wp\/v2\/media?parent=21951"}],"wp:term":[{"taxonomy":"product_brand","embeddable":true,"href":"https:\/\/powersolar.store\/de\/wp-json\/wp\/v2\/product_brand?post=21951"},{"taxonomy":"product_cat","embeddable":true,"href":"https:\/\/powersolar.store\/de\/wp-json\/wp\/v2\/product_cat?post=21951"},{"taxonomy":"product_tag","embeddable":true,"href":"https:\/\/powersolar.store\/de\/wp-json\/wp\/v2\/product_tag?post=21951"}],"curies":[{"name":"wp","href":"https:\/\/api.w.org\/{rel}","templated":true}]}}