{"id":21955,"date":"2025-10-16T11:25:01","date_gmt":"2025-10-16T09:25:01","guid":{"rendered":"https:\/\/powersolar.store\/product\/growatt-mod-15ktl3-hu\/"},"modified":"2025-10-16T11:42:02","modified_gmt":"2025-10-16T09:42:02","slug":"growatt-mod-15ktl3-hu","status":"publish","type":"product","link":"https:\/\/powersolar.store\/de\/product\/growatt-mod-15ktl3-hu\/","title":{"rendered":"Growatt MOD 15KTL3-HU"},"content":{"rendered":"<h3 data-start=\"129\" data-end=\"160\"><strong data-start=\"133\" data-end=\"158\">Growatt MOD 15KTL3-HU<\/strong><\/h3>\n<p data-start=\"161\" data-end=\"225\">Backup und PV in einem Ger\u00e4t &#8211; intelligenter, schneller, g\u00fcnstiger<\/p>\n<p data-start=\"227\" data-end=\"483\">Ihre Kunden wollen eine sichere Stromversorgung, ohne die Bank zu sprengen. Das Growatt MOD 15KTL3-HU vereint PV- und Backup-Funktionen in einem einzigen Ger\u00e4t und bietet Ihnen eine All-in-One-Energiel\u00f6sung, die f\u00fcr Ihre Kunden kosteng\u00fcnstig und f\u00fcr Sie schneller zu installieren ist. <\/p>\n<p data-start=\"485\" data-end=\"779\">\u2714 Integriertes Backup (EPS) &#8211; schaltet bei einem Stromausfall innerhalb von 50 ms<br data-start=\"556\" data-end=\"559\">\u2714 Batteriebereit f\u00fcr APX-Systeme &#8211; unterst\u00fctzt sowohl partielles als auch vollst\u00e4ndiges Backup<br data-start=\"630\" data-end=\"633\">\u2714 3 MPP-Tracker &#8211; maximale Flexibilit\u00e4t im Systemdesign<br data-start=\"688\" data-end=\"691\">\u2714 AFCI &amp; CAN\/RS485 Kommunikation &#8211; sicher und zukunftsf\u00e4hig<br data-start=\"747\" data-end=\"750\">\u2714 10 Jahre Standardgarantie<\/p>\n<h3 data-start=\"781\" data-end=\"829\"><strong data-start=\"785\" data-end=\"827\">Intelligentes Backup-System, einfache Installation<\/strong><\/h3>\n<p data-start=\"830\" data-end=\"1156\">Die HU-Serie vereint die Funktionen eines herk\u00f6mmlichen Wechselrichters und einer Backup-Box in einem Ger\u00e4t. Dies reduziert die Materialkosten und die Installationszeit um bis zu 20%. Die integrierte Backup-Funktion schaltet automatisch in nur 50 Millisekunden um und gew\u00e4hrleistet so eine unterbrechungsfreie Stromversorgung f\u00fcr kritische Systeme wie Alarmanlagen, Router und Server.  <\/p>\n<p data-start=\"1158\" data-end=\"1349\">Das MOD 15KTL3-HU ist vollst\u00e4ndig kompatibel mit den APX-Batterien von Growatt und unterst\u00fctzt sowohl partielle als auch vollst\u00e4ndige Backup-Konfigurationen, was es zu einer vielseitigen Wahl f\u00fcr Privathaushalte und kleine Unternehmen gleicherma\u00dfen macht.<\/p>\n<h3 data-start=\"1351\" data-end=\"1388\"><strong data-start=\"1355\" data-end=\"1386\">Growatt &#8211; weltweit vertrauensw\u00fcrdig<\/strong><\/h3>\n<p data-start=\"1389\" data-end=\"1653\" data-is-last-node=\"\" data-is-only-node=\"\">Growatt ist eine der weltweit beliebtesten Wechselrichtermarken aus China, die sich seit \u00fcber einem Jahrzehnt auf dem europ\u00e4ischen Markt bew\u00e4hrt hat. Die Wechselrichter von Growatt sind f\u00fcr ihre Zuverl\u00e4ssigkeit, Langlebigkeit und Erschwinglichkeit bekannt und bieten Installateuren und Endverbrauchern gleicherma\u00dfen Sicherheit. <\/p>\n","protected":false},"excerpt":{"rendered":"<p>Growatt MOD 15KTL3-HU Backup und PV in einem Ger\u00e4t &#8211; intelligenter, schneller, g\u00fcnstiger Ihre Kunden wollen eine sichere Stromversorgung, ohne die Bank zu sprengen. Das Growatt MOD 15KTL3-HU vereint PV- und Backup-Funktionen in einem einzigen Ger\u00e4t und bietet Ihnen eine All-in-One-Energiel\u00f6sung, die f\u00fcr Ihre Kunden kosteng\u00fcnstig und f\u00fcr Sie schneller zu installieren ist. \u2714 Integriertes [&hellip;]<\/p>\n","protected":false},"featured_media":21935,"comment_status":"open","ping_status":"closed","template":"","meta":{"_acf_changed":false,"content-type":""},"product_brand":[2855],"product_cat":[2809],"product_tag":[],"class_list":{"0":"post-21955","1":"product","2":"type-product","3":"status-publish","4":"has-post-thumbnail","6":"product_brand-growatt-de","7":"product_cat-wechselrichter","9":"first","10":"instock","11":"taxable","12":"shipping-taxable","13":"purchasable","14":"product-type-simple"},"acf":[],"_links":{"self":[{"href":"https:\/\/powersolar.store\/de\/wp-json\/wp\/v2\/product\/21955","targetHints":{"allow":["GET"]}}],"collection":[{"href":"https:\/\/powersolar.store\/de\/wp-json\/wp\/v2\/product"}],"about":[{"href":"https:\/\/powersolar.store\/de\/wp-json\/wp\/v2\/types\/product"}],"replies":[{"embeddable":true,"href":"https:\/\/powersolar.store\/de\/wp-json\/wp\/v2\/comments?post=21955"}],"version-history":[{"count":1,"href":"https:\/\/powersolar.store\/de\/wp-json\/wp\/v2\/product\/21955\/revisions"}],"predecessor-version":[{"id":21974,"href":"https:\/\/powersolar.store\/de\/wp-json\/wp\/v2\/product\/21955\/revisions\/21974"}],"wp:featuredmedia":[{"embeddable":true,"href":"https:\/\/powersolar.store\/de\/wp-json\/wp\/v2\/media\/21935"}],"wp:attachment":[{"href":"https:\/\/powersolar.store\/de\/wp-json\/wp\/v2\/media?parent=21955"}],"wp:term":[{"taxonomy":"product_brand","embeddable":true,"href":"https:\/\/powersolar.store\/de\/wp-json\/wp\/v2\/product_brand?post=21955"},{"taxonomy":"product_cat","embeddable":true,"href":"https:\/\/powersolar.store\/de\/wp-json\/wp\/v2\/product_cat?post=21955"},{"taxonomy":"product_tag","embeddable":true,"href":"https:\/\/powersolar.store\/de\/wp-json\/wp\/v2\/product_tag?post=21955"}],"curies":[{"name":"wp","href":"https:\/\/api.w.org\/{rel}","templated":true}]}}