{"id":21968,"date":"2025-10-16T11:31:55","date_gmt":"2025-10-16T09:31:55","guid":{"rendered":"https:\/\/powersolar.store\/product\/1-phase-enphase-q-relais\/"},"modified":"2025-10-16T11:31:55","modified_gmt":"2025-10-16T09:31:55","slug":"1-phase-enphase-q-relais","status":"publish","type":"product","link":"https:\/\/powersolar.store\/de\/product\/1-phase-enphase-q-relais\/","title":{"rendered":"1-Phase Enphase Q-Relais"},"content":{"rendered":"","protected":false},"excerpt":{"rendered":"<div class=\"detail-tabs-content description\">\n<div id=\"description\" class=\"data item content\" aria-labelledby=\"tab-label-description-title\" data-role=\"content\">\n<div class=\"product attribute description\">\n<h3><span dir=\"auto\">1-Phase Enphase Q-Relais<\/span><\/h3>\n<div class=\"value\">\n<p><span dir=\"auto\">In Enphase-Installationen fungiert das einphasige Q-Relais (der Netzrelais-Controller) als Abschaltvorrichtung. Es ist f\u00fcr den einphasigen Betrieb ausgelegt und verf\u00fcgt \u00fcber integrierte Schalter. Bei bestimmten anormalen Bedingungen trennt das Q-Relais die Enphase-Mikrowechselrichter vom AC-Netz. Wenn die Spannung wieder normal ist und die Netzfrequenz im akzeptablen Bereich liegt, verbindet das Q-Relais die Mikrowechselrichter wieder mit dem AC-Netz.   <\/span><\/p>\n<p><strong><span dir=\"auto\">Operation<\/span><\/strong><\/p>\n<p><span dir=\"auto\">Das Q-Relais verf\u00fcgt \u00fcber integrierte Erkennungsfunktionen, die Gleichstromeinspeisungen erkennen k\u00f6nnen, wie in VDE V 0126-1-1 gefordert. Das Q-Relais arbeitet mit dem IQ-Gateway zusammen, um das Trennen von Leitern und Nullleitern je nach Netzanforderungen zu erm\u00f6glichen. <\/span><\/p>\n<\/div>\n<\/div>\n<\/div>\n<\/div>\n<div class=\"detail-tabs-content additional\">\n<div id=\"additional\" class=\"data item content\" aria-labelledby=\"tab-label-additional-title\" data-role=\"content\">\n<div class=\"additional-attributes-wrapper table-wrapper\">\n<table id=\"product-attribute-specs-table\" class=\"data table additional-attributes\">\n<tbody>\n<tr>\n<th class=\"col label\" scope=\"row\">\n  <span dir=\"auto\">Hersteller-Nummer<\/span>\n<\/th>\n<td class=\"col data\" data-th=\"Fabrikantnummer\">\n  <span dir=\"auto\">Q-RELAY-1P-INT<\/span>\n<\/td>\n<\/tr>\n<\/tbody>\n<\/table>\n<\/div>\n<\/div>\n<\/div>\n","protected":false},"featured_media":21959,"comment_status":"open","ping_status":"closed","template":"","meta":{"_acf_changed":false,"content-type":""},"product_brand":[2844],"product_cat":[2809],"product_tag":[],"class_list":{"0":"post-21968","1":"product","2":"type-product","3":"status-publish","4":"has-post-thumbnail","6":"product_brand-enphase-de","7":"product_cat-wechselrichter","9":"first","10":"instock","11":"taxable","12":"shipping-taxable","13":"purchasable","14":"product-type-simple"},"acf":[],"_links":{"self":[{"href":"https:\/\/powersolar.store\/de\/wp-json\/wp\/v2\/product\/21968","targetHints":{"allow":["GET"]}}],"collection":[{"href":"https:\/\/powersolar.store\/de\/wp-json\/wp\/v2\/product"}],"about":[{"href":"https:\/\/powersolar.store\/de\/wp-json\/wp\/v2\/types\/product"}],"replies":[{"embeddable":true,"href":"https:\/\/powersolar.store\/de\/wp-json\/wp\/v2\/comments?post=21968"}],"version-history":[{"count":0,"href":"https:\/\/powersolar.store\/de\/wp-json\/wp\/v2\/product\/21968\/revisions"}],"wp:featuredmedia":[{"embeddable":true,"href":"https:\/\/powersolar.store\/de\/wp-json\/wp\/v2\/media\/21959"}],"wp:attachment":[{"href":"https:\/\/powersolar.store\/de\/wp-json\/wp\/v2\/media?parent=21968"}],"wp:term":[{"taxonomy":"product_brand","embeddable":true,"href":"https:\/\/powersolar.store\/de\/wp-json\/wp\/v2\/product_brand?post=21968"},{"taxonomy":"product_cat","embeddable":true,"href":"https:\/\/powersolar.store\/de\/wp-json\/wp\/v2\/product_cat?post=21968"},{"taxonomy":"product_tag","embeddable":true,"href":"https:\/\/powersolar.store\/de\/wp-json\/wp\/v2\/product_tag?post=21968"}],"curies":[{"name":"wp","href":"https:\/\/api.w.org\/{rel}","templated":true}]}}