{"id":22279,"date":"2025-10-16T12:48:29","date_gmt":"2025-10-16T10:48:29","guid":{"rendered":"https:\/\/powersolar.store\/product\/growatt-apx-hv-5-0p-b1-hv\/"},"modified":"2025-10-16T12:48:29","modified_gmt":"2025-10-16T10:48:29","slug":"growatt-apx-hv-5-0p-b1-hv","status":"publish","type":"product","link":"https:\/\/powersolar.store\/de\/product\/growatt-apx-hv-5-0p-b1-hv\/","title":{"rendered":"Growatt APX HV 5.0P-B1 HV"},"content":{"rendered":"<h3 data-start=\"178\" data-end=\"221\"><strong data-start=\"182\" data-end=\"219\">Growatt APX HV 5.0P-B1 HV-Akku<\/strong><\/h3>\n<p data-start=\"222\" data-end=\"506\">Das Herzst\u00fcck eines jeden Growatt APX-Systems &#8211; das Batteriemodul! Jede Einheit bietet eine Speicherkapazit\u00e4t von 5 kWh, so dass Sie das System an die spezifischen Energiebed\u00fcrfnisse Ihres Kunden anpassen k\u00f6nnen. Bis zu sechs Module k\u00f6nnen in einem System verbunden werden und bieten eine Gesamtspeicherkapazit\u00e4t von bis zu 30 kWh.  <\/p>\n<p data-start=\"508\" data-end=\"601\">Alle erforderlichen Kabel sind im Lieferumfang des Power Moduls enthalten, so dass kein separater Kabelsatz erforderlich ist.<\/p>\n<h3 data-start=\"603\" data-end=\"634\"><strong data-start=\"607\" data-end=\"632\">Wichtige Informationen<\/strong><\/h3>\n<p data-start=\"635\" data-end=\"777\">Das APX-System wird mit einer 10-Jahres-Produktgarantie geliefert und ist mit den Growatt Wechselrichterserien MOD TL-XH BP, MID TL-XH und MIN XH kompatibel.<\/p>\n<h3 data-start=\"779\" data-end=\"817\"><strong data-start=\"783\" data-end=\"815\">\u00dcber das APX-Batteriesystem<\/strong><\/h3>\n<p data-start=\"818\" data-end=\"1075\">Der APX HV ist das neueste und fortschrittlichste Hochspannungsbatteriesystem von Growatt. Mit seinem modularen Design bietet es eine flexible Kapazit\u00e4tserweiterung und sorgt f\u00fcr eine erstklassige, zukunftssichere Energiespeicherl\u00f6sung &#8211; die perfekte Erg\u00e4nzung zu jeder Growatt PV-Anlage. <\/p>\n<p data-start=\"1077\" data-end=\"1191\" data-is-last-node=\"\" data-is-only-node=\"\">Um ein komplettes und funktionsf\u00e4higes System aufzubauen, ben\u00f6tigen Sie ein Stromversorgungsmodul, ein oder mehrere Batteriemodule, eine Basisstation und ein Smart Meter.<\/p>\n","protected":false},"excerpt":{"rendered":"<p>Growatt APX HV 5.0P-B1 HV-Akku Das Herzst\u00fcck eines jeden Growatt APX-Systems &#8211; das Batteriemodul! Jede Einheit bietet eine Speicherkapazit\u00e4t von 5 kWh, so dass Sie das System an die spezifischen Energiebed\u00fcrfnisse Ihres Kunden anpassen k\u00f6nnen. Bis zu sechs Module k\u00f6nnen in einem System verbunden werden und bieten eine Gesamtspeicherkapazit\u00e4t von bis zu 30 kWh. Alle [&hellip;]<\/p>\n","protected":false},"featured_media":22048,"comment_status":"open","ping_status":"closed","template":"","meta":{"_acf_changed":false,"content-type":""},"product_brand":[2855],"product_cat":[2808],"product_tag":[],"class_list":{"0":"post-22279","1":"product","2":"type-product","3":"status-publish","4":"has-post-thumbnail","6":"product_brand-growatt-de","7":"product_cat-batterie-systeme","9":"first","10":"instock","11":"taxable","12":"shipping-taxable","13":"purchasable","14":"product-type-simple"},"acf":[],"_links":{"self":[{"href":"https:\/\/powersolar.store\/de\/wp-json\/wp\/v2\/product\/22279","targetHints":{"allow":["GET"]}}],"collection":[{"href":"https:\/\/powersolar.store\/de\/wp-json\/wp\/v2\/product"}],"about":[{"href":"https:\/\/powersolar.store\/de\/wp-json\/wp\/v2\/types\/product"}],"replies":[{"embeddable":true,"href":"https:\/\/powersolar.store\/de\/wp-json\/wp\/v2\/comments?post=22279"}],"version-history":[{"count":0,"href":"https:\/\/powersolar.store\/de\/wp-json\/wp\/v2\/product\/22279\/revisions"}],"wp:featuredmedia":[{"embeddable":true,"href":"https:\/\/powersolar.store\/de\/wp-json\/wp\/v2\/media\/22048"}],"wp:attachment":[{"href":"https:\/\/powersolar.store\/de\/wp-json\/wp\/v2\/media?parent=22279"}],"wp:term":[{"taxonomy":"product_brand","embeddable":true,"href":"https:\/\/powersolar.store\/de\/wp-json\/wp\/v2\/product_brand?post=22279"},{"taxonomy":"product_cat","embeddable":true,"href":"https:\/\/powersolar.store\/de\/wp-json\/wp\/v2\/product_cat?post=22279"},{"taxonomy":"product_tag","embeddable":true,"href":"https:\/\/powersolar.store\/de\/wp-json\/wp\/v2\/product_tag?post=22279"}],"curies":[{"name":"wp","href":"https:\/\/api.w.org\/{rel}","templated":true}]}}